{"id":2175,"date":"2021-02-10T16:45:27","date_gmt":"2021-02-10T19:45:27","guid":{"rendered":"http:\/\/omelhordaqui.net\/?page_id=2175"},"modified":"2023-04-11T15:34:12","modified_gmt":"2023-04-11T18:34:12","slug":"premio-o-melhor-daqui-medalhas-2020","status":"publish","type":"page","link":"https:\/\/omelhordaqui.net\/index.php\/premio-o-melhor-daqui-medalhas-2020\/","title":{"rendered":"PR\u00caMIO &#8220;O MELHOR DAQUI&#8221; \u2013 MEDALHAS 2020"},"content":{"rendered":"<div id=\"content\" class=\"sidebar-right twelve columns\">\n<article id=\"post-7365\" class=\"post-7365 page type-page status-publish hentry\">\n<div class=\"entry\">\n<h4><strong><span class=\"style1\">Parab\u00e9ns!<\/span><\/strong><\/h4>\n<p class=\"txt12\">Estas s\u00e3o as medalhas que comunicam aos seus clientes que sua empresa foi a vencedora, segunda ou terceira colocada no&nbsp;<strong>Pr\u00eamio &#8220;O Melhor Daqui&#8221;<\/strong> de sua cidade em 2020, a <strong>\u00fanica premia\u00e7\u00e3o<\/strong> a eleger as melhores empresas e profissionais da cidade de forma <strong>direta, transparente<\/strong> e com <strong>grande participa\u00e7\u00e3o popular<\/strong>. Ele prova a qualidade dos servi\u00e7os prestados por sua empresa e certamente incentivar\u00e1 mais pessoas a conhecerem e consumirem seus produtos e servi\u00e7os.<\/p>\n<h4 class=\"titulomeio\"><strong>FA\u00c7A O DOWNLOAD DA MEDALHA CONQUISTADA POR SUA EMPRESA E UTILIZE EM SEU SITE E REDES SOCIAIS.<\/strong><\/h4>\n<p><strong>&gt;&gt;&gt; ATEN\u00c7\u00c3O:<\/strong> o nome, a marca e o formato do Pr\u00eamio &#8220;O Melhor Daqui&#8221; s\u00e3o <strong>REGISTRADOS NO INPI<\/strong>, e seu <strong>USO INDEVIDO<\/strong>&nbsp;pode implicar em <strong>SAN\u00c7\u00d5ES LEGAIS<\/strong>. Utilize nossa medalha apenas para comunicar a <strong>REAL CLASSIFICA\u00c7\u00c3O<\/strong>&nbsp;de sua empresa no <strong>RESULTADO FINAL DO PR\u00caMIO &#8220;O MELHOR DAQUI&#8221; DE SUA CIDADE NO ANO INDICADO<\/strong> na medalha.<\/p>\n<p><strong>MEDALHA DE OURO (3172 X 2986 PIXELS)<br \/>\n<\/strong>Para baixar a imagem, clique com o bot\u00e3o direito do mouse sobre ela e escolha &#8220;Salvar imagem como&#8230;&#8221;<\/p>\n<div class=\"two_third last\">\n<p><img decoding=\"async\" loading=\"lazy\" class=\"alignnone size-full wp-image-2032\" src=\"http:\/\/omelhordaqui.net\/wp-content\/uploads\/2020\/07\/medalhas_novas_2020_ouro_3.png\" alt=\"\" width=\"3172\" height=\"2986\" srcset=\"https:\/\/omelhordaqui.net\/wp-content\/uploads\/2020\/07\/medalhas_novas_2020_ouro_3.png 3172w, https:\/\/omelhordaqui.net\/wp-content\/uploads\/2020\/07\/medalhas_novas_2020_ouro_3-300x282.png 300w, https:\/\/omelhordaqui.net\/wp-content\/uploads\/2020\/07\/medalhas_novas_2020_ouro_3-768x723.png 768w, https:\/\/omelhordaqui.net\/wp-content\/uploads\/2020\/07\/medalhas_novas_2020_ouro_3-1024x964.png 1024w\" sizes=\"(max-width: 3172px) 100vw, 3172px\" \/><\/p>\n<\/div>\n<\/div>\n<\/article>\n<article id=\"post-7365\" class=\"post-7365 page type-page status-publish hentry\">\n<div class=\"entry\">\n<p>&nbsp;<\/p>\n<p><strong>MEDALHA DE PRATA (3172 X 2986 PIXELS)<br \/>\n<\/strong>Para baixar a imagem, clique com o bot\u00e3o direito do mouse sobre ela e escolha &#8220;Salvar imagem como&#8230;&#8221;<\/p>\n<p><img decoding=\"async\" loading=\"lazy\" class=\"alignnone size-full wp-image-2033\" src=\"http:\/\/omelhordaqui.net\/wp-content\/uploads\/2020\/07\/medalhas_novas_2020_prata_3.png\" alt=\"\" width=\"3172\" height=\"2986\" srcset=\"https:\/\/omelhordaqui.net\/wp-content\/uploads\/2020\/07\/medalhas_novas_2020_prata_3.png 3172w, https:\/\/omelhordaqui.net\/wp-content\/uploads\/2020\/07\/medalhas_novas_2020_prata_3-300x282.png 300w, https:\/\/omelhordaqui.net\/wp-content\/uploads\/2020\/07\/medalhas_novas_2020_prata_3-768x723.png 768w, https:\/\/omelhordaqui.net\/wp-content\/uploads\/2020\/07\/medalhas_novas_2020_prata_3-1024x964.png 1024w\" sizes=\"(max-width: 3172px) 100vw, 3172px\" \/><\/p>\n<p>&nbsp;<\/p>\n<p><strong>MEDALHA DE BRONZE (3172 X 2986 PIXELS)<br \/>\nPara baixar a imagem, clique com o bot\u00e3o direito do mouse sobre ela e escolha &#8220;Salvar imagem como&#8230;&#8221;<\/strong><\/p>\n<p><img decoding=\"async\" loading=\"lazy\" class=\"alignnone size-full wp-image-2034\" src=\"http:\/\/omelhordaqui.net\/wp-content\/uploads\/2020\/07\/medalhas_novas_2020_bronze_3.png\" alt=\"\" width=\"3172\" height=\"2986\" srcset=\"https:\/\/omelhordaqui.net\/wp-content\/uploads\/2020\/07\/medalhas_novas_2020_bronze_3.png 3172w, https:\/\/omelhordaqui.net\/wp-content\/uploads\/2020\/07\/medalhas_novas_2020_bronze_3-300x282.png 300w, https:\/\/omelhordaqui.net\/wp-content\/uploads\/2020\/07\/medalhas_novas_2020_bronze_3-768x723.png 768w, https:\/\/omelhordaqui.net\/wp-content\/uploads\/2020\/07\/medalhas_novas_2020_bronze_3-1024x964.png 1024w\" sizes=\"(max-width: 3172px) 100vw, 3172px\" \/><\/p>\n<\/div>\n<\/article>\n<\/div>\n<div id=\"content\" class=\"sidebar-right twelve columns\">\n<article id=\"post-7365\" class=\"post-7365 page type-page status-publish hentry\">\n<div class=\"entry\">\n<p>O <strong>Pr\u00eamio \u201cO Melhor Daqui\u201d<\/strong> nasceu no bairro do <strong>Morumbi em S\u00e3o Paulo<\/strong> em 2004 e hoje \u00e9 realizado em diversas localidades, onde mobiliza milhares de pessoas que desejam participar da \u00fanica premia\u00e7\u00e3o a eleger as melhores empresas de suas cidades de forma DIRETA e TRANSPARENTE. Confira em nosso site:&nbsp;<a href=\"http:\/\/omelhordaqui.net\/\">www.omelhordaqui.net<\/a><\/p>\n<p><strong>Equipe OMelhorDaqui.Net<br \/>\ncontato@omelhordaqui.net<\/strong><\/p>\n<\/div>\n<\/article>\n<\/div>\n","protected":false},"excerpt":{"rendered":"<p>Parab\u00e9ns! Estas s\u00e3o as medalhas que comunicam aos seus clientes que sua empresa foi a vencedora, segunda ou terceira colocada no&nbsp;Pr\u00eamio &#8220;O Melhor Daqui&#8221; de [&#8230;]<\/p>\n","protected":false},"author":1,"featured_media":0,"parent":0,"menu_order":0,"comment_status":"closed","ping_status":"closed","template":"","meta":[],"_links":{"self":[{"href":"https:\/\/omelhordaqui.net\/index.php\/wp-json\/wp\/v2\/pages\/2175"}],"collection":[{"href":"https:\/\/omelhordaqui.net\/index.php\/wp-json\/wp\/v2\/pages"}],"about":[{"href":"https:\/\/omelhordaqui.net\/index.php\/wp-json\/wp\/v2\/types\/page"}],"author":[{"embeddable":true,"href":"https:\/\/omelhordaqui.net\/index.php\/wp-json\/wp\/v2\/users\/1"}],"replies":[{"embeddable":true,"href":"https:\/\/omelhordaqui.net\/index.php\/wp-json\/wp\/v2\/comments?post=2175"}],"version-history":[{"count":2,"href":"https:\/\/omelhordaqui.net\/index.php\/wp-json\/wp\/v2\/pages\/2175\/revisions"}],"predecessor-version":[{"id":4116,"href":"https:\/\/omelhordaqui.net\/index.php\/wp-json\/wp\/v2\/pages\/2175\/revisions\/4116"}],"wp:attachment":[{"href":"https:\/\/omelhordaqui.net\/index.php\/wp-json\/wp\/v2\/media?parent=2175"}],"curies":[{"name":"wp","href":"https:\/\/api.w.org\/{rel}","templated":true}]}}