{"id":2154,"date":"2021-01-11T18:42:37","date_gmt":"2021-01-11T21:42:37","guid":{"rendered":"http:\/\/omelhordaqui.net\/?page_id=2154"},"modified":"2021-01-28T14:16:13","modified_gmt":"2021-01-28T17:16:13","slug":"premio-o-melhor-daqui-avare-2020","status":"publish","type":"page","link":"https:\/\/omelhordaqui.net\/index.php\/premio-o-melhor-daqui-avare-2020\/","title":{"rendered":"Pr\u00eamio &#8220;O Melhor Daqui&#8221; Avar\u00e9 2020"},"content":{"rendered":"<h3><img decoding=\"async\" loading=\"lazy\" class=\"alignnone size-full wp-image-1984\" src=\"http:\/\/omelhordaqui.net\/wp-content\/uploads\/2020\/06\/arte-Encomende-seu-diploma.png\" alt=\"\" width=\"5841\" height=\"942\" srcset=\"https:\/\/omelhordaqui.net\/wp-content\/uploads\/2020\/06\/arte-Encomende-seu-diploma.png 5841w, https:\/\/omelhordaqui.net\/wp-content\/uploads\/2020\/06\/arte-Encomende-seu-diploma-300x48.png 300w, https:\/\/omelhordaqui.net\/wp-content\/uploads\/2020\/06\/arte-Encomende-seu-diploma-768x124.png 768w, https:\/\/omelhordaqui.net\/wp-content\/uploads\/2020\/06\/arte-Encomende-seu-diploma-1024x165.png 1024w\" sizes=\"(max-width: 5841px) 100vw, 5841px\" \/>Encomende a placa com o DIPLOMA de sua empresa at\u00e9 26\/01\/2021 por apenas R$197,00 e ganhe vantagens imperd\u00edveis!<\/h3>\n<ol>\n<li><strong>DIPLOMA PERSONALIZADO<\/strong>: nosso lindo diploma (20x30cm) fabricado em placa de acr\u00edlico com impress\u00e3o HD da imagem de nossa <strong>exclusiva medalha Ouro, Prata ou Bronze<\/strong>, <strong>personalizado com o nome e o segmento comercial<\/strong> da sua empresa, para ser usado de p\u00e9, como trof\u00e9u, ou fixado na parede.<img decoding=\"async\" loading=\"lazy\" class=\"alignright wp-image-2021\" src=\"http:\/\/omelhordaqui.net\/wp-content\/uploads\/2020\/07\/duas_medidas-Daqui.png\" alt=\"\" width=\"500\" height=\"132\" srcset=\"https:\/\/omelhordaqui.net\/wp-content\/uploads\/2020\/07\/duas_medidas-Daqui.png 3150w, https:\/\/omelhordaqui.net\/wp-content\/uploads\/2020\/07\/duas_medidas-Daqui-300x79.png 300w, https:\/\/omelhordaqui.net\/wp-content\/uploads\/2020\/07\/duas_medidas-Daqui-768x202.png 768w, https:\/\/omelhordaqui.net\/wp-content\/uploads\/2020\/07\/duas_medidas-Daqui-1024x270.png 1024w\" sizes=\"(max-width: 500px) 100vw, 500px\" \/><\/li>\n<li><strong>QUAT<\/strong><strong>RO SELOS ADESIVOS:<\/strong> <strong>quatro selos adesivos<\/strong>\u00a0com a imagem de nossa <strong>exclusiva medalha Ouro, Prata ou Bronze <\/strong>para colocar na vitrine, na porta e em outros locais de destaque de sua empresa.<\/li>\n<li><strong>POSTAGEM COMEMORATIVA:<\/strong>\u00a0fa\u00e7a uma postagem na p\u00e1gina de sua empresa no Facebook com uma <strong>foto ou v\u00eddeo exibindo o diploma de sua empresa<\/strong> e comemorando sua conquista. Depois nos mande o link dessa postagem para ser compartilhada no grupo &#8220;O Melhor de Avar\u00e9&#8221; no Facebook e visualizada pelos <strong>mais de 19.000 moradores<\/strong> da cidade que fazem parte do grupo!<\/li>\n<li><strong>PUBLICIDADE AT\u00c9 DEZEMBRO DE 2021 NO GRUPO:\u00a0divulga\u00e7\u00e3o semanal<\/strong> das novidades de sua empresa\u00a0no grupo &#8220;O Melhor de Avar\u00e9&#8221; no Facebook at\u00e9 o in\u00edcio das vota\u00e7\u00f5es da premia\u00e7\u00e3o em dezembro de 2021. S\u00e3o <strong>dezenas de oportunidades<\/strong> para <strong>divulgar gratuitamente sua empresa<\/strong> para aos mais de <strong>19.000 moradores da cidade que fazem parte do grupo<\/strong>. A divulga\u00e7\u00e3o semanal gratuita funciona de maneira simples e \u00e1gil: voc\u00ea faz a postagem com os textos e imagem que desejar na p\u00e1gina da sua empresa no Facebook e nos envia o link da postagem para compartilharmos no grupo.<\/li>\n<\/ol>\n<h4><strong>Encomende o diploma de sua empresa AGORA!<\/strong><\/h4>\n<p>1- <strong>Fa\u00e7a o pagamento de R$197,00 via PIX ou transfer\u00eancia banc\u00e1ria<\/strong>, usando os dados abaixo <strong>at\u00e9 o dia 26\/01\/2021<\/strong>.<br \/>\n2- <strong>Envie uma imagem do comprovante<\/strong> junto com o nome e CNPJ da sua empresa (ou seu CPF se preferir) para o WhatsApp (14) 99845-3493 (com Hisadora).<br \/>\n3- <strong>Retire o diploma <\/strong>e os <strong>quatro selos adesivos de sua empresa<\/strong>\u00a0a partir do dia 26\/02\/2021 em nosso distribuidor na sua cidade.<\/p>\n<p><strong>OP\u00c7\u00c3O 1: PAGAMENTO VIA PIX<\/strong><\/p>\n<p>Pague <strong>R$197,00<\/strong>\u00a0por PIX usando uma das chaves abaixo!<\/p>\n<p>1) CHAVE PIX CNPJ: <strong>18.073.675\/0001-26<\/strong><\/p>\n<p>2) CHAVE PIX QR CODE:<\/p>\n<p><img decoding=\"async\" loading=\"lazy\" class=\"alignnone wp-image-2114\" src=\"http:\/\/omelhordaqui.net\/wp-content\/uploads\/2020\/11\/qr197.png\" alt=\"\" width=\"213\" height=\"214\" srcset=\"https:\/\/omelhordaqui.net\/wp-content\/uploads\/2020\/11\/qr197.png 1240w, https:\/\/omelhordaqui.net\/wp-content\/uploads\/2020\/11\/qr197-150x150.png 150w, https:\/\/omelhordaqui.net\/wp-content\/uploads\/2020\/11\/qr197-300x300.png 300w, https:\/\/omelhordaqui.net\/wp-content\/uploads\/2020\/11\/qr197-768x770.png 768w, https:\/\/omelhordaqui.net\/wp-content\/uploads\/2020\/11\/qr197-1021x1024.png 1021w, https:\/\/omelhordaqui.net\/wp-content\/uploads\/2020\/11\/qr197-500x500.png 500w, https:\/\/omelhordaqui.net\/wp-content\/uploads\/2020\/11\/qr197-400x400.png 400w\" sizes=\"(max-width: 213px) 100vw, 213px\" \/><\/p>\n<p><strong>OP\u00c7\u00c3O 2: PAGAMENTO VIA TRANSFER\u00caNCIA BANC\u00c1RIA\u00a0<\/strong><\/p>\n<p>Pague <strong>R$197,00\u00a0<\/strong>via transfer\u00eancia para a conta abaixo:<br \/>\n(Importante: n\u00e3o fa\u00e7a DEP\u00d3SITO, apenas TRANSFER\u00caNCIA ou PIX)<\/p>\n<p>Empresa: PORTALNET COMUNICA\u00c7\u00c3O LTDA<br \/>\nCNPJ:\u00a018.073.675\/0001-26<br \/>\nBanco: CAIXA ECON\u00d4MICA FEDERAL (banco 104)<br \/>\nAg\u00eancia: 0343 Opera\u00e7\u00e3o: 003 Conta Corrente: 00001387-0<\/p>\n<p><strong>ENCOMENDE O SEU DIPLOMA AGORA E J\u00c1 COMECE A DIVULGAR AS NOVIDADES DE SUA EMPRESA NO GRUPO DO FACEBOOK!<\/strong><\/p>\n<p>O Pr\u00eamio &#8220;O Melhor Daqui&#8221; nasceu no bairro do Morumbi em S\u00e3o Paulo em 2004 e hoje \u00e9 realizado em mais de 30 cidades do interior paulista, onde mobiliza milhares de pessoas que desejam participar da \u00fanica premia\u00e7\u00e3o a eleger as melhores empresas da cidade de forma DIRETA e TRANSPARENTE. Confira em nosso site: <strong><a href=\"http:\/\/omelhordaqui.net\/\">www.omelhordaqui.net<\/a><\/strong><\/p>\n<p><strong>Equipe OMelhorDaqui.Net<\/strong><\/p>\n<p><strong>Celular\/Whatsapp: 99845-3493 (com Hisadora)<br \/>\ncontato@omelhordaqui.net<\/strong><\/p>\n","protected":false},"excerpt":{"rendered":"<p>Encomende a placa com o DIPLOMA de sua empresa at\u00e9 26\/01\/2021 por apenas R$197,00 e ganhe vantagens imperd\u00edveis! DIPLOMA PERSONALIZADO: nosso lindo diploma (20x30cm) fabricado [&#8230;]<\/p>\n","protected":false},"author":1,"featured_media":0,"parent":0,"menu_order":0,"comment_status":"closed","ping_status":"closed","template":"","meta":[],"_links":{"self":[{"href":"https:\/\/omelhordaqui.net\/index.php\/wp-json\/wp\/v2\/pages\/2154"}],"collection":[{"href":"https:\/\/omelhordaqui.net\/index.php\/wp-json\/wp\/v2\/pages"}],"about":[{"href":"https:\/\/omelhordaqui.net\/index.php\/wp-json\/wp\/v2\/types\/page"}],"author":[{"embeddable":true,"href":"https:\/\/omelhordaqui.net\/index.php\/wp-json\/wp\/v2\/users\/1"}],"replies":[{"embeddable":true,"href":"https:\/\/omelhordaqui.net\/index.php\/wp-json\/wp\/v2\/comments?post=2154"}],"version-history":[{"count":4,"href":"https:\/\/omelhordaqui.net\/index.php\/wp-json\/wp\/v2\/pages\/2154\/revisions"}],"predecessor-version":[{"id":2160,"href":"https:\/\/omelhordaqui.net\/index.php\/wp-json\/wp\/v2\/pages\/2154\/revisions\/2160"}],"wp:attachment":[{"href":"https:\/\/omelhordaqui.net\/index.php\/wp-json\/wp\/v2\/media?parent=2154"}],"curies":[{"name":"wp","href":"https:\/\/api.w.org\/{rel}","templated":true}]}}