{"id":2092,"date":"2020-10-20T20:57:20","date_gmt":"2020-10-20T23:57:20","guid":{"rendered":"http:\/\/omelhordaqui.net\/?page_id=2092"},"modified":"2020-10-20T21:00:33","modified_gmt":"2020-10-21T00:00:33","slug":"premio-o-melhor-daqui-jales-2020","status":"publish","type":"page","link":"https:\/\/omelhordaqui.net\/index.php\/premio-o-melhor-daqui-jales-2020\/","title":{"rendered":"Pr\u00eamio &#8220;O Melhor Daqui&#8221; Jales 2020"},"content":{"rendered":"<h3><img decoding=\"async\" loading=\"lazy\" class=\"alignnone size-full wp-image-1984\" src=\"http:\/\/omelhordaqui.net\/wp-content\/uploads\/2020\/06\/arte-Encomende-seu-diploma.png\" alt=\"\" width=\"5841\" height=\"942\" srcset=\"https:\/\/omelhordaqui.net\/wp-content\/uploads\/2020\/06\/arte-Encomende-seu-diploma.png 5841w, https:\/\/omelhordaqui.net\/wp-content\/uploads\/2020\/06\/arte-Encomende-seu-diploma-300x48.png 300w, https:\/\/omelhordaqui.net\/wp-content\/uploads\/2020\/06\/arte-Encomende-seu-diploma-768x124.png 768w, https:\/\/omelhordaqui.net\/wp-content\/uploads\/2020\/06\/arte-Encomende-seu-diploma-1024x165.png 1024w\" sizes=\"(max-width: 5841px) 100vw, 5841px\" \/>Encomende a placa com o DIPLOMA de sua empresa at\u00e9 o dia 6 de novembro por apenas R$197,00* e ganhe vantagens imperd\u00edveis!<\/h3>\n<ol>\n<li><strong>DIPLOMA PERSONALIZADO<\/strong>: nosso lindo diploma (20x30cm) fabricado em placa de acr\u00edlico com impress\u00e3o HD da imagem de nossa <strong>exclusiva medalha Ouro, Prata ou Bronze<\/strong>, <strong>personalizado com o nome e o segmento comercial<\/strong> da sua empresa, para ser usado de p\u00e9, como trof\u00e9u, ou fixado na parede.<img decoding=\"async\" loading=\"lazy\" class=\"alignright wp-image-2021\" src=\"http:\/\/omelhordaqui.net\/wp-content\/uploads\/2020\/07\/duas_medidas-Daqui.png\" alt=\"\" width=\"500\" height=\"132\" srcset=\"https:\/\/omelhordaqui.net\/wp-content\/uploads\/2020\/07\/duas_medidas-Daqui.png 3150w, https:\/\/omelhordaqui.net\/wp-content\/uploads\/2020\/07\/duas_medidas-Daqui-300x79.png 300w, https:\/\/omelhordaqui.net\/wp-content\/uploads\/2020\/07\/duas_medidas-Daqui-768x202.png 768w, https:\/\/omelhordaqui.net\/wp-content\/uploads\/2020\/07\/duas_medidas-Daqui-1024x270.png 1024w\" sizes=\"(max-width: 500px) 100vw, 500px\" \/><\/li>\n<li><strong>QUAT<\/strong><strong>RO SELOS ADESIVOS:<\/strong> <strong>quatro selos adesivos<\/strong>\u00a0com a imagem de nossa <strong>exclusiva medalha Ouro, Prata ou Bronze <\/strong>para colocar na vitrine, na porta e em outros locais de destaque de sua empresa.<\/li>\n<li><strong>POSTAGEM COMEMORATIVA:<\/strong>\u00a0fa\u00e7a uma postagem na p\u00e1gina de sua empresa no Facebook com uma foto ou v\u00eddeo exibindo o diploma de sua empresa e comemorando sua conquista. Depois nos mande o link dessa postagem para ser compartilhada no grupo &#8220;O Melhor de Jales&#8221; no Facebook e visualizada pelos mais de <strong>8.000 moradores da cidade<\/strong>\u00a0que fazem parte do grupo!<\/li>\n<li><strong>PUBLICIDADE AT\u00c9 2021 NO GRUPO:\u00a0<\/strong>divulga\u00e7\u00e3o <strong>semanal<\/strong> das novidades de sua empresa\u00a0no grupo &#8220;O Melhor de Jales&#8221; no Facebook at\u00e9 o in\u00edcio das vota\u00e7\u00f5es da premia\u00e7\u00e3o em 2021. S\u00e3o dezenas de oportunidades para divulgar gratuitamente sua empresa aos <strong>mais de 8.000 moradores da cidade<\/strong>\u00a0que fazem parte do grupo. A divulga\u00e7\u00e3o semanal gratuita funciona de maneira simples e \u00e1gil: voc\u00ea faz a postagem com os textos e imagem que desejar na p\u00e1gina da sua empresa no Facebook e nos envia o link da postagem para compartilharmos no grupo.<br \/>\n(*) Ap\u00f3s a data de fechamento do lote da cidade, o valor passa a ser de R$257,00 em fun\u00e7\u00e3o do frete individual.<\/li>\n<\/ol>\n<h4><strong>Encomende o seu diploma AGORA!<\/strong><\/h4>\n<p>1- Preencha o <strong>formul\u00e1rio <\/strong>abaixo at\u00e9 o dia 06\/11\/2020 (data de fechamento do lote de sua cidade)\u00a0e clique em &#8220;Enviar Dados&#8221;.<br \/>\n2- Receba, em at\u00e9 24 horas, o link do <strong>boleto<\/strong> para pagamento em seu e-mail.<br \/>\n3- Realize o <strong>pagamento<\/strong> do boleto na ag\u00eancia banc\u00e1ria, lot\u00e9rica ou atrav\u00e9s do internet banking.<br \/>\n4- Retire o seu <strong>diploma e os quatro selos adesivos de sua empresa<\/strong>\u00a0a partir do 06\/12\/2020 em nosso distribuidor na sua cidade.<\/p>\n<p>[contact-form-7 id=&#8221;1855&#8243; title=&#8221;FORMUL\u00c1RIO &#8211; RIO CLARO 2020&#8243;]<\/p>\n<p><strong>O Pr\u00eamio &#8220;O Melhor Daqui&#8221; nasceu no bairro do Morumbi em S\u00e3o Paulo em 2004 e hoje \u00e9 realizado em diversas cidades do interior paulista, onde mobiliza milhares de pessoas que desejam participar da \u00fanica premia\u00e7\u00e3o a eleger as melhores empresas da cidade de forma DIRETA e TRANSPARENTE. Confira em nosso site: <a href=\"http:\/\/omelhordaqui.net\/\">www.omelhordaqui.net<\/a><\/strong><\/p>\n<p><strong>Equipe OMelhorDaqui.Net<\/strong><\/p>\n<p><strong>Celular\/Whatsapp: (14) 99733-2186 (com Adriane)<br \/>\ncontato@omelhordaqui.net<\/strong><\/p>\n","protected":false},"excerpt":{"rendered":"<p>Encomende a placa com o DIPLOMA de sua empresa at\u00e9 o dia 6 de novembro por apenas R$197,00* e ganhe vantagens imperd\u00edveis! DIPLOMA PERSONALIZADO: nosso [&#8230;]<\/p>\n","protected":false},"author":1,"featured_media":0,"parent":0,"menu_order":0,"comment_status":"closed","ping_status":"closed","template":"","meta":[],"_links":{"self":[{"href":"https:\/\/omelhordaqui.net\/index.php\/wp-json\/wp\/v2\/pages\/2092"}],"collection":[{"href":"https:\/\/omelhordaqui.net\/index.php\/wp-json\/wp\/v2\/pages"}],"about":[{"href":"https:\/\/omelhordaqui.net\/index.php\/wp-json\/wp\/v2\/types\/page"}],"author":[{"embeddable":true,"href":"https:\/\/omelhordaqui.net\/index.php\/wp-json\/wp\/v2\/users\/1"}],"replies":[{"embeddable":true,"href":"https:\/\/omelhordaqui.net\/index.php\/wp-json\/wp\/v2\/comments?post=2092"}],"version-history":[{"count":4,"href":"https:\/\/omelhordaqui.net\/index.php\/wp-json\/wp\/v2\/pages\/2092\/revisions"}],"predecessor-version":[{"id":2096,"href":"https:\/\/omelhordaqui.net\/index.php\/wp-json\/wp\/v2\/pages\/2092\/revisions\/2096"}],"wp:attachment":[{"href":"https:\/\/omelhordaqui.net\/index.php\/wp-json\/wp\/v2\/media?parent=2092"}],"curies":[{"name":"wp","href":"https:\/\/api.w.org\/{rel}","templated":true}]}}