{"id":1971,"date":"2020-06-11T17:19:30","date_gmt":"2020-06-11T20:19:30","guid":{"rendered":"http:\/\/omelhordaqui.net\/?page_id=1971"},"modified":"2020-06-12T23:12:31","modified_gmt":"2020-06-13T02:12:31","slug":"premio-o-melhor-daqui-sao-roque-2020-empresas-vencedoras","status":"publish","type":"page","link":"https:\/\/omelhordaqui.net\/index.php\/premio-o-melhor-daqui-sao-roque-2020-empresas-vencedoras\/","title":{"rendered":"Pr\u00eamio &#8220;O Melhor Daqui&#8221; S\u00e3o Roque 2020 &#8211; Empresas Vencedoras"},"content":{"rendered":"<p><strong>PARAB\u00c9NS AOS VENCEDORES OURO, PRATA E BRONZE DA \u00daNICA PREMIA\u00c7\u00c3O QUE ELEGE AS MELHORES EMPRESAS E PRESTADORES DE SERVI\u00c7O DA CIDADE DE S\u00c3O ROQUE-SP DE FORMA DIRETA E TRANSPARENTE!<br \/>\nClique no link e encomende o merecido diploma de sua empresa:\u00a0<a href=\"http:\/\/bit.ly\/OMDSaoRoque2020Diploma\">bit.ly\/OMDSaoRoque2020Diploma<\/a><\/strong><\/p>\n<div data-offset-key=\"e4vgi-0-0\">\n<p><strong>ACADEMIA<\/strong><\/p>\n<p>OURO: CULTURA F\u00cdSICA<\/p>\n<p>PRATA: NEW CONCEPT<\/p>\n<p>BRONZE: RODRIGO LIMA STUDIOPOWER<\/p>\n<p><strong>A\u00c7A\u00cd<\/strong><\/p>\n<p>OURO: A\u00c7A\u00cd DA BARRA<\/p>\n<p>PRATA: A\u00c7A\u00cd DO WILL<\/p>\n<p>BRONZE: DON CREPE<\/p>\n<p><strong>AG\u00caNCIA DE MARKETING<\/strong><\/p>\n<p>OURO: GUIA S\u00c3O ROQUE<\/p>\n<p>PRATA: PROP\u00d3SITTO<\/p>\n<p>BRONZE: ALBUQUERQUE DESIGN<\/p>\n<p><strong>AG\u00caNCIA DE TURISMO<\/strong><\/p>\n<p>OURO: FLEXTOURS VIAGENS E TURISMO<\/p>\n<p>PRATA: DK8 TOUR<\/p>\n<p>BRONZE: CI\u00c7ACAMP<\/p>\n<p><strong>ARMARINHO E PAPELARIA<\/strong><\/p>\n<p>OURO: PADIHEY<\/p>\n<p>PRATA: COLORPEL<\/p>\n<p>BRONZE: PAPEL ARIAS<\/p>\n<p><strong>AUTO EL\u00c9TRICA<\/strong><\/p>\n<p>OURO: SANTA QUIT\u00c9RIA<\/p>\n<p>PRATA: ELIAS<\/p>\n<p>BRONZE: HELMO<\/p>\n<p><strong>AUTO ESCOLA<\/strong><\/p>\n<p>OURO: AUTO ESCOLA S\u00c3O ROQUE<\/p>\n<p>PRATA: DELTA AUTO ESCOLA<\/p>\n<p>BRONZE: AUTO ESCOLA TOSI<\/p>\n<p><strong>BALADA<\/strong><\/p>\n<p>OURO: S\u00c3O ROQUE CLUBE<\/p>\n<p>PRATA: PEPPER<\/p>\n<p>BRONZE: VI\u00d1A CLUB<\/p>\n<p><strong>BAR E PETISCARIA<\/strong><\/p>\n<p>OURO: QUINTAL S\u00c3O ROQUE<\/p>\n<p>PRATA: CLUBE COME TOGETHER<\/p>\n<p>BRONZE: BOTEQUIM SANTO DIVINO<\/p>\n<p><strong>BARBEARIA<\/strong><\/p>\n<p>OURO: BINGA BARBEARIA<\/p>\n<p>PRATA: JF BARBEARIA E PUB<\/p>\n<p>BRONZE: KADU BARBEARIA<\/p>\n<p><strong>BICICLETARIA<\/strong><\/p>\n<p>OURO: GORDO CICLOS<\/p>\n<p>PRATA: SPORT BIKE S\u00c3O ROQUE<\/p>\n<p>BRONZE: MARCO ZERO BIKE<\/p>\n<p><strong>BUFFET<\/strong><\/p>\n<p>OURO: CASA BLANCA<\/p>\n<p>PRATA: FURTADO<\/p>\n<p>BRONZE: CELEBRAR SR<\/p>\n<p><strong>BUFFET INFANTIL<\/strong><\/p>\n<p>OURO: FESTAR BUFFET<\/p>\n<p>PRATA: BRINCAR<\/p>\n<p>BRONZE: ALDEIA PARQUE E POUSADA<\/p>\n<p><strong>CASA DE CARNES<\/strong><\/p>\n<p>OURO: O SERTANEJO<\/p>\n<p>PRATA: REI DO GADO<\/p>\n<p>BRONZE: CASA GRANDE<\/p>\n<p><strong>CENTRO DE DIAGN\u00d3STICO<\/strong><\/p>\n<p>OURO: RADMED<\/p>\n<p>PRATA: IMAGEM ORAL<\/p>\n<p>BRONZE: S\u00c3O LUCAS DIAGN\u00d3STICOS<\/p>\n<p><strong>CHAVEIRO<\/strong><\/p>\n<p>OURO: SILVINHO<\/p>\n<p>PRATA: ANCHIETA<\/p>\n<p>BRONZE: 3M<\/p>\n<p><strong>CL\u00cdNICA DE EST\u00c9TICA E SA\u00daDE<\/strong><\/p>\n<p>OURO: CL\u00c9RIA TIGRE EST\u00c9TICA<\/p>\n<p>PRATA: GON\u00c7ALVES EST\u00c9TICA<\/p>\n<p>BRONZE: MARIANA MIANO<\/p>\n<p><strong>CL\u00cdNICA ODONTOL\u00d3GICA<\/strong><\/p>\n<p>OURO: ORTODONTIC<\/p>\n<p>PRATA: SORRIDENTS<\/p>\n<p>BRONZE: DRA ANAHY KEIKO CABRAL<\/p>\n<p><strong>CL\u00cdNICA VETERIN\u00c1RIA<\/strong><\/p>\n<p>OURO: SOS ANIMAL<\/p>\n<p>PRATA: DRA CLARIANA NENEVET<\/p>\n<p>BRONZE: VET + VIDA<\/p>\n<p><strong>CLUBE<\/strong><\/p>\n<p>OURO: GR\u00caMIO UNI\u00c3O SANROQUENSE<\/p>\n<p>PRATA: PAULISTANO<\/p>\n<p>BRONZE: ROQUE RAQUETE<\/p>\n<p><strong>CONFEITARIA<\/strong><\/p>\n<p>OURO: SODI\u00ca DOCES<\/p>\n<p>PRATA: BISTR\u00d4 THAHE<\/p>\n<p>BRONZE: DOCE GULA<\/p>\n<p><strong>CONSTRUTORA<\/strong><\/p>\n<p>OURO: SABINO<\/p>\n<p>PRATA: CONCRETIZA<\/p>\n<p>BRONZE: CSP<\/p>\n<p><strong>CORRETORA DE SEGUROS<\/strong><\/p>\n<p>OURO: SOARES NETO<\/p>\n<p>PRATA: GON\u00c7ALVES<\/p>\n<p>BRONZE: CRIADO<\/p>\n<p><strong>DESIGN DE SOBRANCELHA<\/strong><\/p>\n<p>OURO: STUDIO RITA PAIVA<\/p>\n<p>PRATA: LAISA MONIQUE<\/p>\n<p>BRONZE: RAFAELA NASCIMENTO<\/p>\n<p><strong>DESPACHANTE<\/strong><\/p>\n<p>OURO: XICO<\/p>\n<p>PRATA: ANDRADE<\/p>\n<p>BRONZE: TOZZI<\/p>\n<p><strong>DISTRIBUIDORA DE BEBIDAS<\/strong><\/p>\n<p>OURO: DISTRIBUIDORA FL\u00d3RIDA<\/p>\n<p>PRATA: ELBODEGON<\/p>\n<p>BRONZE: DISTRIBUIDORA SR<\/p>\n<p><strong>EMPRESA DE CLIMATIZA\u00c7\u00c3O<\/strong><\/p>\n<p>OURO: ERA DO FRIO<\/p>\n<p>PRATA: EL SHADDAY<\/p>\n<p>BRONZE: DG MANUTEN\u00c7\u00d5ES<\/p>\n<p><strong>EMPRESA DE FOTOGRAFIA E V\u00cdDEO<\/strong><\/p>\n<p>OURO: LION<\/p>\n<p>PRATA: PONTO CLICK<\/p>\n<p>BRONZE: JUBA ALVES<\/p>\n<p><strong>EMPRESA DE G\u00c1S<\/strong><\/p>\n<p>OURO: PRADO DISTRIBUIDORA<\/p>\n<p>PRATA: FL\u00d3RIDA<\/p>\n<p>BRONZE: PACHU G\u00c1S<\/p>\n<p><strong>EMPRESA DE PROPAGANDA VOLANTE<\/strong><\/p>\n<p>OURO: S\u00c9RGIO CAETANO EVENTOS<\/p>\n<p>PRATA: BOSCHETTI<\/p>\n<p>BRONZE: JB SOUND<\/p>\n<p><strong>EMPRESA DE SEGURAN\u00c7A PATRIMONIAL<\/strong><\/p>\n<p>OURO: THOR<\/p>\n<p>PRATA: RSOLUTIONS<\/p>\n<p>BRONZE: GROUP SR<\/p>\n<p><strong>EMPRESA DE SERVI\u00c7OS DE INFORM\u00c1TICA<\/strong><\/p>\n<p>OURO: CASA DOS CARTUCHOS<\/p>\n<p>PRATA: SR. COMPUTADOR<\/p>\n<p>BRONZE: TECNIMAQ<\/p>\n<p><strong>EMPRESA DE TRANSPORTE ESCOLAR<\/strong><\/p>\n<p>OURO: GABI\u00b4S EXECUTIVE SERVICE<\/p>\n<p>PRATA: PRIME TRANSPORTES<\/p>\n<p>BRONZE: TIA VAL\u00c9RIA<\/p>\n<p><strong>ESCOLA DE IDIOMAS<\/strong><\/p>\n<p>OURO: PLANET TALK<\/p>\n<p>PRATA: CNA<\/p>\n<p>BRONZE: WIZARD<\/p>\n<p><strong>ESCOLA PARTICULAR<\/strong><\/p>\n<p>OURO: COOPERATIVA<\/p>\n<p>PRATA: EDUCARE<\/p>\n<p>BRONZE: ESCOLA CB COC<\/p>\n<p><strong>ESCOLA P\u00daBLICA<\/strong><\/p>\n<p>OURO: EE HOR\u00c1CIO MANLEY LANE<\/p>\n<p>PRATA: EMEF PAULO RICARDO<\/p>\n<p>BRONZE: EMEF JOS\u00c9 LUIZ PINTO<\/p>\n<p><strong>ESCRIT\u00d3RIO DE ARQUITETURA<\/strong><\/p>\n<p>OURO: DAMIANA ARQUITETURA<\/p>\n<p>PRATA: IGOR BRETZ ARQUITETURA<\/p>\n<p>BRONZE: PATRICIA TOZZI<\/p>\n<p><strong>ESCRIT\u00d3RIO DE CONTABILIDADE<\/strong><\/p>\n<p>OURO: WALMAR<\/p>\n<p>PRATA: QUALISER<\/p>\n<p>BRONZE: ESCRIT\u00d3RIO LIMA<\/p>\n<p><strong>FARM\u00c1CIA<\/strong><\/p>\n<p>OURO: DROGASIL<\/p>\n<p>PRATA: DROGA RAIA<\/p>\n<p>BRONZE: FARMAIS<\/p>\n<p><strong>FARM\u00c1CIA DE MANIPULA\u00c7\u00c3O<\/strong><\/p>\n<p>OURO: PHARMALINS<\/p>\n<p>PRATA: INVITA<\/p>\n<p>BRONZE: EX\u00cdMIA<\/p>\n<p><strong>FINANCEIRA<\/strong><\/p>\n<p>OURO: FAST CRED<\/p>\n<p>PRATA: CENTRALCRED<\/p>\n<p>BRONZE: SANROCRED<\/p>\n<p><strong>FUNILARIA E PINTURA<\/strong><\/p>\n<p>OURO: MARINHO<\/p>\n<p>PRATA: JC<\/p>\n<p>BRONZE: RODRIGO&#8217;S GARAGE<\/p>\n<p><strong>GR\u00c1FICA<\/strong><\/p>\n<p>OURO: LIMAGRAF<\/p>\n<p>PRATA: GR\u00c1FICA SANTO ANT\u00d4NIO<\/p>\n<p>BRONZE: L\u00cdDER GRAF<\/p>\n<p><strong>HOTEL<\/strong><\/p>\n<p>OURO: HOTEL VILA ROSSA<\/p>\n<p>PRATA: HOTEL CORDIALLE<\/p>\n<p>BRONZE: STEFANO HOTEL<\/p>\n<p><strong>IMOBILI\u00c1RIA<\/strong><\/p>\n<p>OURO: CASA GRANDE IMOBILI\u00c1RIA<\/p>\n<p>PRATA: CASA DOS IM\u00d3VEIS<\/p>\n<p>BRONZE: JZ IM\u00d3VEIS<\/p>\n<p><strong>INSTITUI\u00c7\u00c3O DE ENSINO SUPERIOR<\/strong><\/p>\n<p>OURO: IFSP &#8211; CAMPUS S\u00c3O ROQUE<\/p>\n<p>PRATA: FATEC S\u00c3O ROQUE<\/p>\n<p>BRONZE: FACULDADE S\u00c3O ROQUE<\/p>\n<p><strong>JOALHERIA E RELOJOARIA<\/strong><\/p>\n<p>OURO: IRANI JOIAS<\/p>\n<p>PRATA: REINO DAS ALIAN\u00c7AS<\/p>\n<p>BRONZE: MIKAMI RELOJOARIA<\/p>\n<p><strong>JORNAL<\/strong><\/p>\n<p>OURO: JORNAL O DEMOCRATA<\/p>\n<p>PRATA: JORNAL DA ECONOMIA<\/p>\n<p>BRONZE: JORNAL DA EST\u00c2NCIA<\/p>\n<p><strong>LAN HOUSE<\/strong><\/p>\n<p>OURO: FOX GAMES<\/p>\n<p>PRATA: ARENA MK LAN HOUSE<\/p>\n<p>BRONZE: SHOT POINT<\/p>\n<p><strong>LANCHONETE<\/strong><\/p>\n<p>OURO: MAD MAX<\/p>\n<p>PRATA: GIGA&#8217;S LANCHES<\/p>\n<p>BRONZE: WP LANCHES<\/p>\n<p><strong>LOJA DE BIJOUTERIAS<\/strong><\/p>\n<p>OURO: PRINCESINHA BIJOUX<\/p>\n<p>PRATA: WL BIJOUX<\/p>\n<p>BRONZE: PATTY BIJOUX<\/p>\n<p><strong>LOJA DE BRINQUEDOS<\/strong><\/p>\n<p>OURO: ESTA\u00c7\u00c3O BRINQUEDOS<\/p>\n<p>PRATA: TAKARA PRESENTES<\/p>\n<p>BRONZE: BRINKY<\/p>\n<p><strong>LOJA DE CAL\u00c7ADOS<\/strong><\/p>\n<p>OURO: VILLA DO SAPATO<\/p>\n<p>PRATA: TROPICAL CAL\u00c7ADOS<\/p>\n<p>BRONZE: ROG\u00c9RIO CAL\u00c7ADOS<\/p>\n<p><strong>LOJA DE CAMA, MESA E BANHO<\/strong><\/p>\n<p>OURO: PERNAMBUCANAS<\/p>\n<p>PRATA: CARAMBELLA<\/p>\n<p>BRONZE: ALTENBURG<\/p>\n<p><strong>LOJA DE CELULAR E ACESS\u00d3RIOS<\/strong><\/p>\n<p>OURO: PARADA OBRIGAT\u00d3RIA<\/p>\n<p>PRATA: VILAN &amp; SOUZA ACESS\u00d3RIOS<\/p>\n<p>BRONZE: SMART<\/p>\n<p><strong>LOJA DE ELETRODOM\u00c9STICOS<\/strong><\/p>\n<p>OURO: LOJAS CEM<\/p>\n<p>PRATA: MAGAZINE LUIZA<\/p>\n<p>BRONZE: CASAS BAHIA<\/p>\n<p><strong>LOJA DE GAMES<\/strong><\/p>\n<p>OURO: PARADA OBRIGATORIA<\/p>\n<p>PRATA: POWER GAMES<\/p>\n<p>BRONZE: SS GAMES E ACESS\u00d3RIOS<\/p>\n<p><strong>LOJA DE INFORM\u00c1TICA E ACESS\u00d3RIOS<\/strong><\/p>\n<p>OURO: CASA DOS CARTUCHOS<\/p>\n<p>PRATA: SR. COMPUTADOR<\/p>\n<p>BRONZE: BIG INFORM\u00c1TICA<\/p>\n<p><strong>LOJA DE LINGERIE<\/strong><\/p>\n<p>OURO: BELLE BR\u00c1S<\/p>\n<p>PRATA: POUR TOI LINGERIE<\/p>\n<p>BRONZE: FEELINGS LINGERIE<\/p>\n<p><strong>LOJA DE MATERIAIS DE CONSTRU\u00c7\u00c3O<\/strong><\/p>\n<p>OURO: S\u00c3O LUIZ<\/p>\n<p>PRATA: GARCIA SADLER<\/p>\n<p>BRONZE: CONSTRUSHOW<\/p>\n<p><strong>LOJA DE MATERIAIS HIDR\u00c1ULICOS<\/strong><\/p>\n<p>OURO: S\u00c3O LUIZ<\/p>\n<p>PRATA: CASA CARVALHO<\/p>\n<p>BRONZE: CONTRAPINGO<\/p>\n<p><strong>LOJA DE MATERIAL EM GESSO<\/strong><\/p>\n<p>OURO: J.A. GESSO<\/p>\n<p>PRATA: GESSO BENFICA<\/p>\n<p>BRONZE: FIEL GESSO<\/p>\n<p><strong>LOJA DE MODA E ARTIGOS INFANTIL<\/strong><\/p>\n<p>OURO: LOJA JAPONESA<\/p>\n<p>PRATA: CORITA KIDS<\/p>\n<p>BRONZE: XOD\u00d3 MODAS<\/p>\n<p><strong>LOJA DE MODA FEMININA<\/strong><\/p>\n<p>OURO: BELLA RITA<\/p>\n<p>PRATA: MIL\u00c3O STORE<\/p>\n<p>BRONZE: TCHELLA BOUTIQUE<\/p>\n<p><strong>LOJA DE MODA MASCULINA<\/strong><\/p>\n<p>OURO: ARTEMODA<\/p>\n<p>PRATA: OITO OITO<\/p>\n<p>BRONZE: VILLA CELEBRA<\/p>\n<p><strong>LOJA DE M\u00d3VEIS E DECORA\u00c7\u00c3O<\/strong><\/p>\n<p>OURO: LOJAS CEM<\/p>\n<p>PRATA: MAGAZINE LUIZA<\/p>\n<p>BRONZE: CYBELAR<\/p>\n<p><strong>LOJA DE PE\u00c7AS E ACESS\u00d3RIOS PARA CAMINH\u00c3O<\/strong><\/p>\n<p>OURO: SUPER AUTO<\/p>\n<p>PRATA: DUDU AUTO PE\u00c7AS<\/p>\n<p>BRONZE: JJ AUTO PE\u00c7AS<\/p>\n<p><strong>LOJA DE PRESENTES<\/strong><\/p>\n<p>OURO: TAKARA PRESENTES<\/p>\n<p>PRATA: WM PRESENTES<\/p>\n<p>BRONZE: LOJA 6<\/p>\n<p><strong>LOJA DE RA\u00c7\u00c3O<\/strong><\/p>\n<p>OURO: AGROVERDE S.R.<\/p>\n<p>PRATA: PIT PETS<\/p>\n<p>BRONZE: AGROMAIS<\/p>\n<p><strong>LOJA DE SOM E ACESS\u00d3RIOS PARA CARRO<\/strong><\/p>\n<p>OURO: BEST SOUND<\/p>\n<p>PRATA: ANDERSOUND SR<\/p>\n<p>BRONZE: JB SOUND<\/p>\n<p><strong>LOJA DE SUPLEMENTOS<\/strong><\/p>\n<p>OURO: FULL TIME<\/p>\n<p>PRATA: ZOOM<\/p>\n<p>BRONZE: VULCAN<\/p>\n<p><strong>LOJA DE TINTAS<\/strong><\/p>\n<p>OURO: MK TINTAS<\/p>\n<p>PRATA: IBICOLOR<\/p>\n<p>BRONZE: TIMACO TINTAS<\/p>\n<p><strong>LOJA DE TOLDOS E COBERTURAS<\/strong><\/p>\n<p>OURO: CRIS TOLDOS<\/p>\n<p>PRATA: LEO TOLDOS<\/p>\n<p>BRONZE: TOLDOS ALMEIDA<\/p>\n<p><strong>LOJA DE VE\u00cdCULOS<\/strong><\/p>\n<p>OURO: GODIVEL VEICULOS<\/p>\n<p>PRATA: COLONIAL VEICULOS<\/p>\n<p>BRONZE: SB VE\u00cdCULOS<\/p>\n<p><strong>MADEIREIRA<\/strong><\/p>\n<p>OURO: MADEIRA VIVA<\/p>\n<p>PRATA: SR MADEIRAS<\/p>\n<p>BRONZE: SANTA FILOMENA<\/p>\n<p><strong>MARMORARIA<\/strong><\/p>\n<p>OURO: DLB<\/p>\n<p>PRATA: TRIMANO<\/p>\n<p>BRONZE: VALLORA<\/p>\n<p><strong>OFICINA MEC\u00c2NICA<\/strong><\/p>\n<p>OURO: SHEREK&#8217;S CAR<\/p>\n<p>PRATA: SANT&#8217;INACIO<\/p>\n<p>BRONZE: GARAGEMOTORSPORT<\/p>\n<p><strong>\u00d3TICA<\/strong><\/p>\n<p>OURO: \u00d3TICAS OFFICER<\/p>\n<p>PRATA: \u00d3TICAS CAROL<\/p>\n<p>BRONZE: F\u00c1BRICA DE \u00d3CULOS SR<\/p>\n<p><strong>PADARIA<\/strong><\/p>\n<p>OURO: EMP\u00d3RIO S\u00c3O ROQUE<\/p>\n<p>PRATA: COLONIAL<\/p>\n<p>BRONZE: PADARIA DO TABO\u00c3O<\/p>\n<p><strong>PERFUMARIA E PRODUTOS DE BELEZA<\/strong><\/p>\n<p>OURO: REGINA COSM\u00c9TICOS<\/p>\n<p>PRATA: O BOTIC\u00c1RIO<\/p>\n<p>BRONZE: LUCAS BELLO COSM\u00c9TICOS<\/p>\n<p><strong>PESQUEIRO<\/strong><\/p>\n<p>OURO: PESQUEIRO VALE VERDE<\/p>\n<p>PRATA: PESQUEIRO DA SERRINHA<\/p>\n<p>BRONZE: PESQUEIRO SABO\u00d3<\/p>\n<p><strong>PETSHOP<\/strong><\/p>\n<p>OURO: DOGSWASH<\/p>\n<p>PRATA: GARRAS &amp; PEGADAS<\/p>\n<p>BRONZE: BANHO E TOSA DA LU<\/p>\n<p><strong>PIZZARIA<\/strong><\/p>\n<p>OURO: BAS\u00cdLICO<\/p>\n<p>PRATA: DOM BIGODE PIZZARIA<\/p>\n<p>BRONZE: CARIOCA PIZZA<\/p>\n<p><strong>PORTAL DE NOT\u00cdCIAS NA INTERNET<\/strong><\/p>\n<p>OURO: S\u00c3O ROQUE NOT\u00cdCIAS<\/p>\n<p>PRATA: JORNAL DA ECONOMIA<\/p>\n<p>BRONZE: JORNAL O DEMOCRATA<\/p>\n<p><strong>POSTO DE COMBUST\u00cdVEL<\/strong><\/p>\n<p>OURO: AUTO POSTO CASTRO<\/p>\n<p>PRATA: POSTO TABO\u00c3O<\/p>\n<p>BRONZE: AUTO POSTO ALASKA<\/p>\n<p><strong>POSTO DE LUBRIFICA\u00c7\u00c3O<\/strong><\/p>\n<p>OURO: CASTELO DO \u00d3LEO<\/p>\n<p>PRATA: LUBRIFICANTES VILLA\u00c7A<\/p>\n<p>BRONZE: MAXLUBE<\/p>\n<p><strong>PROVEDOR DE INTERNET<\/strong><\/p>\n<p>OURO: CLARO NET<\/p>\n<p>PRATA: AM\u00c9RICA NET<\/p>\n<p>BRONZE: G2G FIBRA INTERNET<\/p>\n<p><strong>RESTAURANTE<\/strong><\/p>\n<p>OURO: CAMPESTRE<\/p>\n<p>PRATA: CASA DA LUIZA<\/p>\n<p>BRONZE: PORTAL DOS PAMPAS<\/p>\n<p><strong>RESTAURANTE DE ESTRADA<\/strong><\/p>\n<p>OURO: QUINTA DO OLIVARDO<\/p>\n<p>PRATA: VILA DON PATTO<\/p>\n<p>BRONZE: TIA LINA<\/p>\n<p><strong>RESTAURANTE DELIVERY<\/strong><\/p>\n<p>OURO: SAHARA COMIDA \u00c1RABE<\/p>\n<p>PRATA: WP LANCHES<\/p>\n<p>BRONZE: URBANOS BURGUER<\/p>\n<p><strong>RET\u00cdFICA DE MOTORES<\/strong><\/p>\n<p>OURO: ALTO DA SERRA<\/p>\n<p>PRATA: FELIPPE MOTOS<\/p>\n<p>BRONZE: &#8212;-<\/p>\n<p><strong>SAL\u00c3O DE CABELEIREIRO<\/strong><\/p>\n<p>OURO: SHAMPOO<\/p>\n<p>PRATA: BEL\u00cdSSIMA<\/p>\n<p>BRONZE: LA BELLA<\/p>\n<p><strong>SAL\u00c3O DE FESTAS<\/strong><\/p>\n<p>OURO: FESTAR<\/p>\n<p>PRATA: ESPA\u00c7O CATA VENTO<\/p>\n<p>BRONZE: ESPA\u00c7O BRINCAR<\/p>\n<p><strong>SERRALHERIA<\/strong><\/p>\n<p>OURO: GIROLDO<\/p>\n<p>PRATA: ICAP PORT\u00d5ES AUTOM\u00c1TICOS<\/p>\n<p>BRONZE: FINAMORE<\/p>\n<p><strong>SERVI\u00c7O DE DECORA\u00c7\u00c3O DE FESTAS<\/strong><\/p>\n<p>OURO: DECORFEST<\/p>\n<p>PRATA: LU DECORADORA<\/p>\n<p>BRONZE: PRISCILA SOARES<\/p>\n<p><strong>SORVETERIA<\/strong><\/p>\n<p>OURO: QUERO QUERO SORVETES<\/p>\n<p>PRATA: SORVETERIA TATUS<\/p>\n<p>BRONZE: A\u00c7A\u00cd DA BARRA<\/p>\n<p><strong>SUPERMERCADO<\/strong><\/p>\n<p>OURO: EST\u00c2NCIA TABO\u00c3O<\/p>\n<p>PRATA: S\u00c3O ROQUE<\/p>\n<p>BRONZE: IRM\u00c3OS HAAK<\/p>\n<p><strong>VIDRA\u00c7ARIA<\/strong><\/p>\n<p>OURO: MB VIDRA\u00c7ARIA<\/p>\n<p>PRATA: VILA NOVA VIDROS<\/p>\n<p>BRONZE: ALMEIDA<\/p>\n<p><strong>O Pr\u00eamio &#8220;O Melhor Daqui&#8221; nasceu no bairro do Morumbi em S\u00e3o Paulo em 2004 e hoje \u00e9 realizado em diversas cidades do interior paulista, onde mobiliza milhares de pessoas que desejam participar da \u00fanica premia\u00e7\u00e3o a eleger as melhores empresas da cidade de forma DIRETA e TRANSPARENTE. Confira em nosso site: <a href=\"http:\/\/omelhordaqui.net\/\">www.omelhordaqui.net<\/a><\/strong><\/p>\n<\/div>\n<p><strong>LINKS DESTA PREMIA\u00c7\u00c3O:<\/strong><\/p>\n<p>AQUISI\u00c7\u00c3O DO DIPLOMA: \u00a0<a href=\"http:\/\/bit.ly\/OMDSaoRoque2020Diploma\">bit.ly\/OMDSaoRoque2020Diploma<\/a><br \/>\nEMPRESAS VENCEDORAS:\u00a0<a href=\"http:\/\/bit.ly\/OMDSaoRoque2020Vencedores\">bit.ly\/OMDSaoRoque2020Vencedores<\/a><\/p>\n<p><strong>Equipe OMelhorDaqui.Net<br \/>\nCelular\/Whatsapp: (14) 99733-2186 (com Adriane)<br \/>\ncontato@omelhordaqui.net<\/strong><\/p>\n","protected":false},"excerpt":{"rendered":"<p>PARAB\u00c9NS AOS VENCEDORES OURO, PRATA E BRONZE DA \u00daNICA PREMIA\u00c7\u00c3O QUE ELEGE AS MELHORES EMPRESAS E PRESTADORES DE SERVI\u00c7O DA CIDADE DE S\u00c3O ROQUE-SP DE [&#8230;]<\/p>\n","protected":false},"author":1,"featured_media":0,"parent":0,"menu_order":0,"comment_status":"closed","ping_status":"closed","template":"","meta":[],"_links":{"self":[{"href":"https:\/\/omelhordaqui.net\/index.php\/wp-json\/wp\/v2\/pages\/1971"}],"collection":[{"href":"https:\/\/omelhordaqui.net\/index.php\/wp-json\/wp\/v2\/pages"}],"about":[{"href":"https:\/\/omelhordaqui.net\/index.php\/wp-json\/wp\/v2\/types\/page"}],"author":[{"embeddable":true,"href":"https:\/\/omelhordaqui.net\/index.php\/wp-json\/wp\/v2\/users\/1"}],"replies":[{"embeddable":true,"href":"https:\/\/omelhordaqui.net\/index.php\/wp-json\/wp\/v2\/comments?post=1971"}],"version-history":[{"count":7,"href":"https:\/\/omelhordaqui.net\/index.php\/wp-json\/wp\/v2\/pages\/1971\/revisions"}],"predecessor-version":[{"id":1978,"href":"https:\/\/omelhordaqui.net\/index.php\/wp-json\/wp\/v2\/pages\/1971\/revisions\/1978"}],"wp:attachment":[{"href":"https:\/\/omelhordaqui.net\/index.php\/wp-json\/wp\/v2\/media?parent=1971"}],"curies":[{"name":"wp","href":"https:\/\/api.w.org\/{rel}","templated":true}]}}