{"id":1963,"date":"2020-06-11T16:28:39","date_gmt":"2020-06-11T19:28:39","guid":{"rendered":"http:\/\/omelhordaqui.net\/?page_id=1963"},"modified":"2020-07-22T20:25:04","modified_gmt":"2020-07-22T23:25:04","slug":"premio-o-melhor-daqui-sao-roque-2020","status":"publish","type":"page","link":"https:\/\/omelhordaqui.net\/index.php\/premio-o-melhor-daqui-sao-roque-2020\/","title":{"rendered":"Pr\u00eamio &#8220;O Melhor Daqui&#8221; S\u00e3o Roque 2020"},"content":{"rendered":"<h3><img decoding=\"async\" loading=\"lazy\" class=\"alignnone size-full wp-image-1942\" src=\"http:\/\/omelhordaqui.net\/wp-content\/uploads\/2020\/06\/arte-Encomende-seu-siploma-2.png\" alt=\"\" width=\"3506\" height=\"567\" srcset=\"https:\/\/omelhordaqui.net\/wp-content\/uploads\/2020\/06\/arte-Encomende-seu-siploma-2.png 3506w, https:\/\/omelhordaqui.net\/wp-content\/uploads\/2020\/06\/arte-Encomende-seu-siploma-2-300x49.png 300w, https:\/\/omelhordaqui.net\/wp-content\/uploads\/2020\/06\/arte-Encomende-seu-siploma-2-768x124.png 768w, https:\/\/omelhordaqui.net\/wp-content\/uploads\/2020\/06\/arte-Encomende-seu-siploma-2-1024x166.png 1024w\" sizes=\"(max-width: 3506px) 100vw, 3506px\" \/>Encomende o DIPLOMA de sua empresa at\u00e9 o dia 26 de junho por apenas R$197,00 e ganhe vantagens imperd\u00edveis!<\/h3>\n<ol>\n<li><strong>DIPLOMA PERSONALIZADO<\/strong>: nosso lindo diploma (20x30cm) fabricado em acr\u00edlico com impress\u00e3o HD da imagem de nossa <strong>exclusiva medalha Ouro, Prata ou Bronze<\/strong>, personalizado com o <strong>nome e o segmento comercial<\/strong> da sua empresa, para ser usado de p\u00e9, como trof\u00e9u, ou fixado na parede.<img decoding=\"async\" loading=\"lazy\" class=\"size-full wp-image-1958 alignright\" src=\"http:\/\/omelhordaqui.net\/wp-content\/uploads\/2020\/06\/diplomas_medidas_500-1.png\" alt=\"\" width=\"500\" height=\"133\" srcset=\"https:\/\/omelhordaqui.net\/wp-content\/uploads\/2020\/06\/diplomas_medidas_500-1.png 500w, https:\/\/omelhordaqui.net\/wp-content\/uploads\/2020\/06\/diplomas_medidas_500-1-300x80.png 300w\" sizes=\"(max-width: 500px) 100vw, 500px\" \/><\/li>\n<li><strong>QUAT<\/strong><strong>RO SELOS ADESIVOS:<\/strong> <strong>quatro selos adesivos<\/strong>\u00a0com a imagem de nossa <strong>exclusiva medalha Ouro, Prata ou Bronze <\/strong>para colocar na port<br \/>\na do seu estabelecimento em outros locais de destaque de sua empresa.<\/li>\n<li><strong>POSTAGEM COMEMORATIVA:<\/strong>\u00a0fa\u00e7a uma postagem na p\u00e1gina de sua empresa no Facebook com uma foto ou v\u00eddeo exibindo o diploma de sua empresa e comemorando sua conquista. Depois nos mande o link dessa postagem para ser compartilhada no grupo &#8220;O Melhor de S\u00e3o Roque&#8221; no Facebook e visualizada pelos mais de\u00a0<strong>12.000 moradores da cidade<\/strong>\u00a0que fazem parte do grupo!<\/li>\n<li><strong>PUBLICIDADE AT\u00c9 2021 NO GRUPO:\u00a0<\/strong>divulga\u00e7\u00e3o <strong>semanal<\/strong> das novidades de sua empresa\u00a0no grupo &#8220;O Melhor de S\u00e3o Roque&#8221; no Facebook at\u00e9 o in\u00edcio das vota\u00e7\u00f5es da premia\u00e7\u00e3o em 2021. S\u00e3o dezenas de oportunidades para divulgar gratuitamente sua empresa aos <strong>mais de 23.000 moradores de S\u00e3o Roque<\/strong> que fazem parte do grupo.<br \/>\n(*) A divulga\u00e7\u00e3o semanal gratuita funciona de maneira simples e \u00e1gil: voc\u00ea faz a postagem com os textos e imagem que desejar na p\u00e1gina da sua empresa no Facebook e nos envia o link da postagem para compartilharmos no grupo.<\/li>\n<\/ol>\n<h4><strong>Encomende o seu diploma AGORA!<\/strong><\/h4>\n<p>1- Preencha o <strong>formul\u00e1rio <\/strong>abaixo at\u00e9 o dia 26\/06\/2020 e clique em &#8220;Enviar Dados&#8221;.<br \/>\n2- Receba, em at\u00e9 24 horas, o link do <strong>boleto<\/strong> para pagamento em seu e-mail.<br \/>\n3- Realize o <strong>pagamento<\/strong> do boleto na ag\u00eancia banc\u00e1ria, lot\u00e9rica ou atrav\u00e9s do internet banking.<br \/>\n4- Retire o seu <strong>diploma com os quatro selos<\/strong> a partir do 27\/07\/2020 em nosso distribuidor na sua cidade.<\/p>\n<div role=\"form\" class=\"wpcf7\" id=\"wpcf7-f1855-o1\" lang=\"pt-BR\" dir=\"ltr\">\n<div class=\"screen-reader-response\"><p role=\"status\" aria-live=\"polite\" aria-atomic=\"true\"><\/p> <ul><\/ul><\/div>\n<form action=\"\/index.php\/wp-json\/wp\/v2\/pages\/1963#wpcf7-f1855-o1\" method=\"post\" class=\"wpcf7-form init\" novalidate=\"novalidate\" data-status=\"init\">\n<div style=\"display: none;\">\n<input type=\"hidden\" name=\"_wpcf7\" value=\"1855\" \/>\n<input type=\"hidden\" name=\"_wpcf7_version\" value=\"5.5.6.1\" \/>\n<input type=\"hidden\" name=\"_wpcf7_locale\" value=\"pt_BR\" \/>\n<input type=\"hidden\" name=\"_wpcf7_unit_tag\" value=\"wpcf7-f1855-o1\" \/>\n<input type=\"hidden\" name=\"_wpcf7_container_post\" value=\"0\" \/>\n<input type=\"hidden\" name=\"_wpcf7_posted_data_hash\" value=\"\" \/>\n<\/div>\n<p><label>Seu Nome Completo *<br \/>\n<span class=\"wpcf7-form-control-wrap your-name\"><input type=\"text\" name=\"your-name\" value=\"\" size=\"40\" class=\"wpcf7-form-control wpcf7-text wpcf7-validates-as-required\" aria-required=\"true\" aria-invalid=\"false\" \/><\/span><\/label><\/p>\n<p><label>Nome da Empresa na Vota\u00e7\u00e3o *<br \/>\n<span class=\"wpcf7-form-control-wrap your-empresa\"><input type=\"text\" name=\"your-empresa\" value=\"\" size=\"40\" class=\"wpcf7-form-control wpcf7-text wpcf7-validates-as-required\" aria-required=\"true\" aria-invalid=\"false\" \/><\/span><\/label><\/p>\n<p><label>CNPJ ou CPF *<br \/>\n<span class=\"wpcf7-form-control-wrap your-cnpj\"><input type=\"text\" name=\"your-cnpj\" value=\"\" size=\"40\" class=\"wpcf7-form-control wpcf7-text wpcf7-validates-as-required\" aria-required=\"true\" aria-invalid=\"false\" \/><\/span><\/label><\/p>\n<p><label> E-Mail *<br \/>\n<span class=\"wpcf7-form-control-wrap your-email\"><input type=\"email\" name=\"your-email\" value=\"\" size=\"40\" class=\"wpcf7-form-control wpcf7-text wpcf7-email wpcf7-validates-as-required wpcf7-validates-as-email\" aria-required=\"true\" aria-invalid=\"false\" \/><\/span> <\/label><\/p>\n<p><label> Telefone *<br \/>\n<span class=\"wpcf7-form-control-wrap your-telefone\"><input type=\"text\" name=\"your-telefone\" value=\"\" size=\"40\" class=\"wpcf7-form-control wpcf7-text wpcf7-validates-as-required\" aria-required=\"true\" aria-invalid=\"false\" \/><\/span> <\/label><\/p>\n<p><label> WhatsApp *<br \/>\n<span class=\"wpcf7-form-control-wrap your-whatsapp\"><input type=\"text\" name=\"your-whatsapp\" value=\"\" size=\"40\" class=\"wpcf7-form-control wpcf7-text wpcf7-validates-as-required\" aria-required=\"true\" aria-invalid=\"false\" \/><\/span> <\/label><\/p>\n<p><label> Cidade *<br \/>\n<span class=\"wpcf7-form-control-wrap your-cidade\"><input type=\"text\" name=\"your-cidade\" value=\"\" size=\"40\" class=\"wpcf7-form-control wpcf7-text wpcf7-validates-as-required\" aria-required=\"true\" aria-invalid=\"false\" \/><\/span> <\/label><\/p>\n<p><label> CONFIRME AGORA SUA ENCOMENDA!* <\/label><\/p>\n<p><span class=\"wpcf7-form-control-wrap DIPLOMA\"><span class=\"wpcf7-form-control wpcf7-checkbox wpcf7-validates-as-required wpcf7-exclusive-checkbox\"><span class=\"wpcf7-list-item first last\"><input type=\"checkbox\" name=\"DIPLOMA\" value=\"DENTRO DO LOTE DA CIDADE: estou encomendando o diploma e os quatro selos adesivos da minha empresa dentro do lote da cidade por R$197.\" \/><span class=\"wpcf7-list-item-label\">DENTRO DO LOTE DA CIDADE: estou encomendando o diploma e os quatro selos adesivos da minha empresa dentro do lote da cidade por R$197.<\/span><\/span><\/span><\/span><br \/>\n<span class=\"wpcf7-form-control-wrap DIPLOMA\"><span class=\"wpcf7-form-control wpcf7-checkbox wpcf7-validates-as-required wpcf7-exclusive-checkbox\"><span class=\"wpcf7-list-item first last\"><input type=\"checkbox\" name=\"DIPLOMA\" value=\"FORA DO LOTE DA CIDADE: estou encomendando o diploma e os quatro selos adesivos da minha empresa fora do lote da cidade por R$257.\" \/><span class=\"wpcf7-list-item-label\">FORA DO LOTE DA CIDADE: estou encomendando o diploma e os quatro selos adesivos da minha empresa fora do lote da cidade por R$257.<\/span><\/span><\/span><\/span><\/p>\n<p>[recaptcha]<br><\/p>\n<p><input type=\"submit\" value=\"Enviar Dados\" class=\"wpcf7-form-control has-spinner wpcf7-submit\" \/><br><\/p>\n<div class=\"wpcf7-response-output\" aria-hidden=\"true\"><\/div><\/form><\/div>\n<p><strong>O Pr\u00eamio &#8220;O Melhor Daqui&#8221; nasceu no bairro do Morumbi em S\u00e3o Paulo em 2004 e hoje \u00e9 realizado em diversas cidades do interior paulista, onde mobiliza milhares de pessoas que desejam participar da \u00fanica premia\u00e7\u00e3o a eleger as melhores empresas da cidade de forma DIRETA e TRANSPARENTE. Confira em nosso site: <a href=\"http:\/\/omelhordaqui.net\/\">www.omelhordaqui.net<\/a><\/strong><\/p>\n<p><strong>LINKS DESTA PREMIA\u00c7\u00c3O:<\/strong><\/p>\n<p>AQUISI\u00c7\u00c3O DO DIPLOMA:\u00a0<a href=\"http:\/\/bit.ly\/OMDSaoRoque2020Diploma\">bit.ly\/OMDSaoRoque2020Diploma<\/a><br \/>\nEMPRESAS VENCEDORAS: <a href=\"http:\/\/bit.ly\/OMDSaoRoque2020Vencedores\">bit.ly\/OMDSaoRoque2020Vencedores<\/a><\/p>\n<p><strong>Equipe OMelhorDaqui.Net<br \/>\nCelular\/Whatsapp: (14) 99845-3493 (com Hisadora)<br \/>\ncontato@omelhordaqui.net<\/strong><\/p>\n","protected":false},"excerpt":{"rendered":"<p>Encomende o DIPLOMA de sua empresa at\u00e9 o dia 26 de junho por apenas R$197,00 e ganhe vantagens imperd\u00edveis! DIPLOMA PERSONALIZADO: nosso lindo diploma (20x30cm) [&#8230;]<\/p>\n","protected":false},"author":1,"featured_media":0,"parent":0,"menu_order":0,"comment_status":"closed","ping_status":"closed","template":"","meta":[],"_links":{"self":[{"href":"https:\/\/omelhordaqui.net\/index.php\/wp-json\/wp\/v2\/pages\/1963"}],"collection":[{"href":"https:\/\/omelhordaqui.net\/index.php\/wp-json\/wp\/v2\/pages"}],"about":[{"href":"https:\/\/omelhordaqui.net\/index.php\/wp-json\/wp\/v2\/types\/page"}],"author":[{"embeddable":true,"href":"https:\/\/omelhordaqui.net\/index.php\/wp-json\/wp\/v2\/users\/1"}],"replies":[{"embeddable":true,"href":"https:\/\/omelhordaqui.net\/index.php\/wp-json\/wp\/v2\/comments?post=1963"}],"version-history":[{"count":11,"href":"https:\/\/omelhordaqui.net\/index.php\/wp-json\/wp\/v2\/pages\/1963\/revisions"}],"predecessor-version":[{"id":2017,"href":"https:\/\/omelhordaqui.net\/index.php\/wp-json\/wp\/v2\/pages\/1963\/revisions\/2017"}],"wp:attachment":[{"href":"https:\/\/omelhordaqui.net\/index.php\/wp-json\/wp\/v2\/media?parent=1963"}],"curies":[{"name":"wp","href":"https:\/\/api.w.org\/{rel}","templated":true}]}}