{"id":1916,"date":"2020-05-30T16:31:19","date_gmt":"2020-05-30T19:31:19","guid":{"rendered":"http:\/\/omelhordaqui.net\/?page_id=1916"},"modified":"2020-06-01T20:42:55","modified_gmt":"2020-06-01T23:42:55","slug":"premio-o-melhor-daqui-paraguacu-paulista-2020-empresas-vencedoras","status":"publish","type":"page","link":"https:\/\/omelhordaqui.net\/index.php\/premio-o-melhor-daqui-paraguacu-paulista-2020-empresas-vencedoras\/","title":{"rendered":"Pr\u00eamio &#8220;O Melhor Daqui&#8221; Paragua\u00e7u Paulista 2020 &#8211; Empresas Vencedoras"},"content":{"rendered":"<p><strong>PARAB\u00c9NS AOS VENCEDORES OURO, PRATA E BRONZE DA \u00daNICA PREMIA\u00c7\u00c3O QUE ELEGE AS MELHORES EMPRESAS E PRESTADORES DE SERVI\u00c7O DA CIDADE DE PARAGUA\u00c7U PAULISTA DE FORMA DIRETA E TRANSPARENTE!<br \/>\nClique no link e encomende o merecido diploma de sua empresa:\u00a0<a href=\"http:\/\/bit.ly\/OMelhorDeParaguacuPaulista2020Diploma\">bit.ly\/OMelhorDeParaguacuPaulista2020Diploma<\/a><\/strong><\/p>\n<p><strong>ACADEMIA<\/strong><\/p>\n<p>OURO: Cia Fitness<\/p>\n<p>PRATA: Espa\u00e7o Vida<\/p>\n<p>BONZE: Studio<\/p>\n<p><strong>A\u00c7A\u00cd<\/strong><\/p>\n<p>OURO: A\u00e7a\u00ef Meixin<\/p>\n<p>PRATA: Suqueria Paulista<\/p>\n<p>BRONZE: Point do A\u00e7ai<\/p>\n<p><strong>AG\u00caNCIA DE MARKETING<\/strong><\/p>\n<p>OURO: Inova Digital<\/p>\n<p>PRATA: Monkey<\/p>\n<p>BRONZE: NT Comunica\u00e7\u00e3o<\/p>\n<p><strong>AG\u00caNCIA DE TURISMO<\/strong><\/p>\n<p>OURO: D\u00e9ia Tur<\/p>\n<p>PRATA: CVC<\/p>\n<p>BRONZE: G\u00f3es Turismo<\/p>\n<p><strong>AUTO EL\u00c9TRICA<\/strong><\/p>\n<p>OURO: WK<\/p>\n<p>PRATA: Saturno<\/p>\n<p>BRONZE: Auto El\u00e9trica Lima<\/p>\n<p><strong>AUTO ESCOLA<\/strong><\/p>\n<p>OURO: CFC A Paragua\u00e7u<\/p>\n<p>PRATA: Salom\u00e3o<\/p>\n<p>BRONZE: Est\u00e2ncia<\/p>\n<p><strong>BANHO E TOSA<\/strong><\/p>\n<p>OURO: Bicho Chick &#8211; Est\u00e9tica Animal<\/p>\n<p>PRATA: Pet Mi-Au<\/p>\n<p>BRONZE: Fofuras e Mimos<\/p>\n<p><strong>BAR<\/strong><\/p>\n<p>OURO: Suspiro<\/p>\n<p>PRATA: Container Bar Premium<\/p>\n<p>BRONZE: Sr Boteco<\/p>\n<p><strong>BARBEARIA<\/strong><\/p>\n<p>OURO: Du Gas<\/p>\n<p>PRATA: D\u00fa Pastor<\/p>\n<p>BRONZE: Leme Barbearia<\/p>\n<p><strong>BICICLETARIA<\/strong><\/p>\n<p>OURO: JS<\/p>\n<p>PRATA: Reginaldo<\/p>\n<p>BRONZE: Central Bike<\/p>\n<p><strong>BUFFET INFANTIL<\/strong><\/p>\n<p>OURO: Julia&#8217;s Buffet Kids<\/p>\n<p>PRATA: Bambi Festas e Buffet<\/p>\n<p>BRONZE: Neuza Zanata<\/p>\n<p><strong>CASA DE CARNES<\/strong><\/p>\n<p>OURO: Avenida<\/p>\n<p>PRATA: Supermercado Uni\u00e3o<\/p>\n<p>BRONZE: Modelo<\/p>\n<p><strong>CL\u00cdNICA DE EST\u00c9TICA E SA\u00daDE<\/strong><\/p>\n<p>OURO: Magrass<\/p>\n<p>PRATA: Vida Viva<\/p>\n<p>BRONZE: El Shadday<\/p>\n<p><strong>CL\u00cdNICA DE FISIOTERAPIA<\/strong><\/p>\n<p>OURO: Aquafisio<\/p>\n<p>PRATA: Bem Estar<\/p>\n<p>BRONZE: Vida Viva<\/p>\n<p><strong>CL\u00cdNICA VETERIN\u00c1RIA<\/strong><\/p>\n<p>OURO: Dr. Gugu<\/p>\n<p>PRATA: Pet &amp; Vet<\/p>\n<p>BRONZE: C\u00e3es &amp; Gatos<\/p>\n<p><strong>CLUBE<\/strong><\/p>\n<p>OURO: Paragua\u00e7u T\u00eanis Clube<\/p>\n<p>PRATA: AFC<\/p>\n<p>BRONZE: Rotary Club<\/p>\n<p><strong>CONSERTO DE SAPATO<\/strong><\/p>\n<p>OURO: Sapataria Levy<\/p>\n<p>PRATA: Sapataria R\u00e1pida<\/p>\n<p>BRONZE: Sapataria do Japon\u00eas<\/p>\n<p><strong>CORRETORA DE SEGUROS<\/strong><\/p>\n<p>OURO: Pelegrini<\/p>\n<p>PRATA: Veseg<\/p>\n<p>BRONZE: MN<\/p>\n<p><strong>DECORA\u00c7\u00c3O DE FESTAS<\/strong><\/p>\n<p>OURO: RR Festas Damarys<\/p>\n<p>PRATA: Michele Decora\u00e7\u00e3o<\/p>\n<p>BRONZE: J\u00e9ssica Decora<\/p>\n<p><strong>DISTRIBUIDORA DE BEBIDAS<\/strong><\/p>\n<p>OURO: Jos\u00e9 Roberto de Campos<\/p>\n<p>PRATA: SupriMixx<\/p>\n<p>BRONZE: Fl\u00e1vio Amaro<\/p>\n<p><strong>DISTRIBUIDORA DE G\u00c1S<\/strong><\/p>\n<p>OURO: 2 Irm\u00e3os<\/p>\n<p>PRATA: Pai e Filho<\/p>\n<p>BRONZE: Mercadinho Silv\u00e9rio<\/p>\n<p><strong>ELETRICISTA<\/strong><\/p>\n<p>OURO: Edson<\/p>\n<p>PRATA: Robson<\/p>\n<p>BRONZE: Odair (Galo)<\/p>\n<p><strong>EMPRESA DE CERIMONIAL<\/strong><\/p>\n<p>OURO: Lith Cerimonial<\/p>\n<p>PRATA: Medeiros Cerimonial<\/p>\n<p>BRONZE: Simone Grilo<\/p>\n<p><strong>EMPRESA DE CLIMATIZA\u00c7\u00c3O<\/strong><\/p>\n<p>OURO: SOS Refrigera\u00e7\u00e3o<\/p>\n<p>PRATA: Refricon<\/p>\n<p>BRONZE: Wesley Oliveira Refrigera\u00e7\u00e3o<\/p>\n<p><strong>EMPRESA DE FOTOGRAFIA<\/strong><\/p>\n<p>OURO: Golden<\/p>\n<p>PRATA: Vinicius Silva<\/p>\n<p>BRONZE: Maysa Louzada<\/p>\n<p><strong>EMPRESA DE SEGURAN\u00c7A PATRIMONIAL<\/strong><\/p>\n<p>OURO: Guardian Security System<\/p>\n<p>PRATA: Ativa<\/p>\n<p>BRONZE: SSATEC Sistemas<\/p>\n<p><strong>EMPRESA DE SERVI\u00c7O DE INFORM\u00c1TICA<\/strong><\/p>\n<p>OURO: Nandex<\/p>\n<p>PRATA: Case Master<\/p>\n<p>BRONZE: Supritec<\/p>\n<p><strong>EMPRESA DE TERRAPLENAGEM<\/strong><\/p>\n<p>OURO: Terrafort<\/p>\n<p>PRATA: TerrAbel<\/p>\n<p>BRONZE: OURO: T Mota<\/p>\n<p><strong>EMPRESA MAIS AMADA<\/strong><\/p>\n<p>OURO: Banca do Alex<\/p>\n<p>PRATA: S\u00e2mara Estilo e Moda<\/p>\n<p>BRONZE: Dita Lanches<\/p>\n<p><strong>ESCOLA DE EDUCA\u00c7\u00c3O INFANTIL<\/strong><\/p>\n<p>OURO: L\u00e1pis de Cor<\/p>\n<p>PRATA: Castelinho<\/p>\n<p>BRONZE: Emei Irm\u00e3 L\u00facia Creche<\/p>\n<p><strong>ESCOLA DE ENSINO FUNDAMENTAL E M\u00c9DIO<\/strong><\/p>\n<p>OURO: Coronel Ant\u00f4nio Nogueira<\/p>\n<p>PRATA: SESI<\/p>\n<p>BRONZE: L\u00e1pis de Cor<\/p>\n<p><strong>ESCOLA DE IDIOMAS<\/strong><\/p>\n<p>OURO: Wizard by Pearson<\/p>\n<p>PRATA: Mr English<\/p>\n<p>BRONZE: Fisk<\/p>\n<p><strong>ESCOLA PARTICULAR<\/strong><\/p>\n<p>OURO: L\u00e1pis de Cor<\/p>\n<p>PRATA: MVC Objetivo<\/p>\n<p>BRONZE: Escola Castelinho<\/p>\n<p><strong>ESCRIT\u00d3RIO DE ARQUITETURA<\/strong><\/p>\n<p>OURO: Danilo Alvim<\/p>\n<p>PRATA: A3 Bruno e Amanda<\/p>\n<p>BRONZE: Moreira Peres<\/p>\n<p><strong>ESCRIT\u00d3RIO DE CONTABILIDADE<\/strong><\/p>\n<p>OURO: Consultec<\/p>\n<p>PRATA: Systema Assessoria<\/p>\n<p>BRONZE: Carolino<\/p>\n<p><strong>ESTETICISTA<\/strong><\/p>\n<p>OURO: Luciane Rezende<\/p>\n<p>PRATA: Espa\u00e7o Rosa<\/p>\n<p>BRONZE: Elaine Talachia<\/p>\n<p><strong>EST\u00daDIO DE TATUAGEM<\/strong><\/p>\n<p>OURO: Amanda Santana<\/p>\n<p>PRATA: Hard tattoo<\/p>\n<p>BRONZE: Studio Art Tattoo<\/p>\n<p><strong>FARM\u00c1CIA<\/strong><\/p>\n<p>OURO: Catedral<\/p>\n<p>PRATA: S\u00e3o Marcos<\/p>\n<p>BRONZE: Hiper Popular<\/p>\n<p><strong>FARM\u00c1CIA DE MANIPULA\u00c7\u00c3O<\/strong><\/p>\n<p>OURO: Biof\u00f3rmula<\/p>\n<p>PRATA: NovaFarma<\/p>\n<p>BRONZE: Drogaria Farmatuca<\/p>\n<p><strong>FLORICULTURA<\/strong><\/p>\n<p>OURO: Amareju<\/p>\n<p>PRATA: Beija Flor<\/p>\n<p><strong>HOTEL<\/strong><\/p>\n<p>OURO: \u00c1gua das Araras<\/p>\n<p>PRATA: D&#8217;Marco<\/p>\n<p>BRONZE: S\u00e3o Paulo<\/p>\n<p><strong>IMOBILI\u00c1RIA<\/strong><\/p>\n<p>OURO: Novo Teto<\/p>\n<p>PRATA: Juliana Gimenes<\/p>\n<p>BRONZE: Khasa<\/p>\n<p><strong>INSTITUI\u00c7\u00c3O DE ENSINO SUPERIOR<\/strong><\/p>\n<p>OURO: Gamnon<\/p>\n<p>PRATA: Cruzeiro do Sul EaD<\/p>\n<p>BRONZE: Unip<\/p>\n<p><strong>JOALHERIA E RELOJOARIA<\/strong><\/p>\n<p>OURO: Top\u00e1zio<\/p>\n<p>PRATA: Tesouro<\/p>\n<p>BRONZE: Exata<\/p>\n<p><strong>LANCHONETE<\/strong><\/p>\n<p>OURO: Bulhoes Smash Burger<\/p>\n<p>PRATA: Riquinho<\/p>\n<p>BRONZE: Do Barba<\/p>\n<p><strong>LAVA R\u00c1PIDO<\/strong><\/p>\n<p>OURO: Esteticar<\/p>\n<p>PRATA: Gordinho<\/p>\n<p>BRONZE: Pro Car<\/p>\n<p><strong>LOJA DE AUTO PE\u00c7AS<\/strong><\/p>\n<p>OURO: ET Car<\/p>\n<p>PRATA: Danilo<\/p>\n<p>BRONZE: Belo Pe\u00e7as<\/p>\n<p><strong>LOJA DE BIJUTERIAS E ACESS\u00d3RIOS<\/strong><\/p>\n<p>OURO: Vitch<\/p>\n<p>PRATA: Vip<\/p>\n<p>BRONZE: L&#8217;Amore<\/p>\n<p><strong>LOJA DE CAL\u00c7ADOS<\/strong><\/p>\n<p>OURO: Sapattu Mania<\/p>\n<p>PRATA: Chik<\/p>\n<p>BRONZE: Lullyta<\/p>\n<p><strong>LOJA DE CARROS USADOS<\/strong><\/p>\n<p>OURO: Carlinhos Ve\u00edculos<\/p>\n<p>PRATA: Automais Ve\u00edculos<\/p>\n<p>BRONZE: Est\u00e2ncia Ve\u00edculos<\/p>\n<p><strong>LOJA DE CELULAR E ACESS\u00d3RIOS<\/strong><\/p>\n<p>OURO: Banca do Alex<\/p>\n<p>PRATA: Banca da Duda<\/p>\n<p>BRONZE: Zago Cell<\/p>\n<p><strong>LOJA DE ELETRODOM\u00c9STICOS<\/strong><\/p>\n<p>OURO: Magazine Luiza<\/p>\n<p>PRATA: Lojas Cem F261<\/p>\n<p>BRONZE: Kombat<\/p>\n<p><strong>LOJA DE INFORM\u00c1TICA<\/strong><\/p>\n<p>OURO: Nandex<\/p>\n<p>PRATA: Case Master<\/p>\n<p>BRONZE: Supritec<\/p>\n<p><strong>LOJA DE MATERIAIS DE CONSTRU\u00c7\u00c3O<\/strong><\/p>\n<p>OURO: Casa Nossa Senhora Aparecida<\/p>\n<p>PRATA: Construbase<\/p>\n<p>BRONZE: Casa Amarela<\/p>\n<p><strong>LOJA DE MODA E ARTIGOS INFANTIS<\/strong><\/p>\n<p>OURO: Planeta Kids<\/p>\n<p>PRATA: Lollipop<\/p>\n<p>BRONZE: Baby Modas<\/p>\n<p><strong>LOJA DE MODA FEMININA<\/strong><\/p>\n<p>OURO: Closet<\/p>\n<p>PRATA: Stillo&#8217;s Moda Intima &#8211; loja 02<\/p>\n<p>BRONZE: Ana Paula In\u00e1cio<\/p>\n<p><strong>LOJA DE MODA MASCULINA<\/strong><\/p>\n<p>OURO: Del Rey<\/p>\n<p>PRATA: Yellow<\/p>\n<p>BRONZE: Seu.Mosso<\/p>\n<p><strong>LOJA DE M\u00d3VEIS E DECORA\u00c7\u00c3O<\/strong><\/p>\n<p>OURO: Magazine Luiza<\/p>\n<p>PRATA: Lojas Cem<\/p>\n<p>BRONZE: Kombate<\/p>\n<p><strong>LOJA DE PERFUMES E PRODUTOS DE BELEZA<\/strong><\/p>\n<p>OURO: O Botic\u00e1rio (Av. Paragua\u00e7u)<\/p>\n<p>PRATA: Jade Cosm\u00e9ticos<\/p>\n<p>BRONZE: Perfumaria Brasil<\/p>\n<p><strong>LOJA DE TINTAS<\/strong><\/p>\n<p>OURO: Cor &amp; Arte<\/p>\n<p>PRATA: Casa Amarela<\/p>\n<p>BRONZE: Marquezim<\/p>\n<p><strong>MANICURE<\/strong><\/p>\n<p>OURO: Sueli Brunelli<\/p>\n<p>PRATA: Renata Frizanco<\/p>\n<p>BRONZE: Cris Amaro<\/p>\n<p><strong>MARMORARIA<\/strong><\/p>\n<p>OURO: Revest<\/p>\n<p>PRATA: Paragua\u00e7u<\/p>\n<p><strong>OFICINA MEC\u00c2NICA DE AUTOM\u00d3VEIS<\/strong><\/p>\n<p>OURO: Bossoni<\/p>\n<p>PRATA: Binho<\/p>\n<p>BRONZE: Revisa Car<\/p>\n<p><strong>\u00d3TICA<\/strong><\/p>\n<p>OURO: Exata<\/p>\n<p>PRATA: Jovem<\/p>\n<p>BRONZE: Tesouro<\/p>\n<p><strong>PADARIA<\/strong><\/p>\n<p>OURO: S\u00e3o Marcos<\/p>\n<p>PRATA: Ki P\u00e3o<\/p>\n<p>BRONZE: Ponto Certo I<\/p>\n<p><strong>PAPELARIA<\/strong><\/p>\n<p>OURO: Criart<\/p>\n<p>PRATA: Dica&#8217;s<\/p>\n<p>BRONZE: Papelaria Quinze<\/p>\n<p><strong>PASTELARIA<\/strong><\/p>\n<p>OURO: Jumbo<\/p>\n<p>PRATA: Do Ti\u00e3o<\/p>\n<p>BRONZE: Mister Pastel<\/p>\n<p><strong>PETSHOP<\/strong><\/p>\n<p>OURO: Dr. Gugu<\/p>\n<p>PRATA: Petstore<\/p>\n<p>BRONZE: Ex\u00f3tica Ra\u00e7\u00f5es<\/p>\n<p><strong>PIZZARIA<\/strong><\/p>\n<p>OURO: Veneza<\/p>\n<p>PRATA: Dardanella<\/p>\n<p>BRONZE: Dom Pepe<\/p>\n<p><strong>PROVEDORA DE INTERNET<\/strong><\/p>\n<p>OURO: Vip Telecom<\/p>\n<p>PRATA: CM Net<\/p>\n<p>BRONZE: Sim<\/p>\n<p><strong>RESTAURANTE<\/strong><\/p>\n<p>OURO: Suspiro<\/p>\n<p>PRATA: Turquinho<\/p>\n<p>BRONZE: Casa Vilharquide<\/p>\n<p><strong>SAL\u00c3O DE BELEZA<\/strong><\/p>\n<p>OURO: Espa\u00e7o Rosa<\/p>\n<p>PRATA: Gislene Barbosa<\/p>\n<p>BRONZE: Thiago Marques<\/p>\n<p><strong>SERRALHERIA<\/strong><\/p>\n<p>OURO: Cabral Fer<\/p>\n<p>PRATA: Al\u00f4 Serralheiro ( Nilson)<\/p>\n<p>BRONZE: Reis<\/p>\n<p><strong>SERVI\u00c7O DE BUFFET<\/strong><\/p>\n<p>OURO: Julia\u00b4s Buffet Festas &amp; Eventos<\/p>\n<p>PRATA: Buffet Zanatta<\/p>\n<p>BRONZE: JM Buffet<\/p>\n<p><strong>SORVETERIA<\/strong><\/p>\n<p>OURO: Cristal<\/p>\n<p>PRATA: Sensa\u00e7\u00e3o<\/p>\n<p>BRONZE: Meixin<\/p>\n<p><strong>SUPERMERCADO<\/strong><\/p>\n<p>OURO: Avenida<\/p>\n<p>PRATA: Kawakami<\/p>\n<p>BRONZE: Compre Center<\/p>\n<p><strong>TRANCISTA<\/strong><\/p>\n<p>OURO: Espa\u00e7o Tathy Antonya<\/p>\n<p>PRATA: Vanessa Santos<\/p>\n<p>BRONZE: L\u00facia Souza<\/p>\n<p><strong>VIDRA\u00c7ARIA<\/strong><\/p>\n<p>OURO: Dil Vidros<\/p>\n<p>PRATA: Vidra\u00e7aria Gon\u00e7alves<\/p>\n<p>BRONZE: V\u00e2nia Batista de Paiva<\/p>\n<p><strong>O Pr\u00eamio &#8220;O Melhor Daqui&#8221; nasceu no bairro do Morumbi em S\u00e3o Paulo em 2004 e hoje \u00e9 realizado em diversas cidades do interior paulista, onde mobiliza milhares de pessoas que desejam participar da \u00fanica premia\u00e7\u00e3o a eleger as melhores empresas da cidade de forma DIRETA e TRANSPARENTE. Confira em nosso site: <a href=\"http:\/\/omelhordaqui.net\/\">www.omelhordaqui.net<\/a><\/strong><\/p>\n<p><strong>LINKS DESTA PREMIA\u00c7\u00c3O:<\/strong><\/p>\n<p>AQUISI\u00c7\u00c3O DO DIPLOMA: \u00a0<a href=\"http:\/\/bit.ly\/OMelhorDeParaguacuPaulista2020Diploma\">bit.ly\/OMelhorDeParaguacuPaulista2020Diploma<\/a><br \/>\nEMPRESAS VENCEDORAS:\u00a0<a href=\"http:\/\/bit.ly\/OMDParaguacuPaulista2020Vencedores\">http:\/\/bit.ly\/OMDParaguacuPaulista2020Vencedores<\/a><\/p>\n<p><strong>Equipe OMelhorDaqui.Net<br \/>\nCelular\/Whatsapp: (14) 99733-2186 (com Adriane)<br \/>\ncontato@omelhordaqui.net<\/strong><\/p>\n","protected":false},"excerpt":{"rendered":"<p>PARAB\u00c9NS AOS VENCEDORES OURO, PRATA E BRONZE DA \u00daNICA PREMIA\u00c7\u00c3O QUE ELEGE AS MELHORES EMPRESAS E PRESTADORES DE SERVI\u00c7O DA CIDADE DE PARAGUA\u00c7U PAULISTA DE [&#8230;]<\/p>\n","protected":false},"author":1,"featured_media":0,"parent":0,"menu_order":0,"comment_status":"closed","ping_status":"closed","template":"","meta":[],"_links":{"self":[{"href":"https:\/\/omelhordaqui.net\/index.php\/wp-json\/wp\/v2\/pages\/1916"}],"collection":[{"href":"https:\/\/omelhordaqui.net\/index.php\/wp-json\/wp\/v2\/pages"}],"about":[{"href":"https:\/\/omelhordaqui.net\/index.php\/wp-json\/wp\/v2\/types\/page"}],"author":[{"embeddable":true,"href":"https:\/\/omelhordaqui.net\/index.php\/wp-json\/wp\/v2\/users\/1"}],"replies":[{"embeddable":true,"href":"https:\/\/omelhordaqui.net\/index.php\/wp-json\/wp\/v2\/comments?post=1916"}],"version-history":[{"count":7,"href":"https:\/\/omelhordaqui.net\/index.php\/wp-json\/wp\/v2\/pages\/1916\/revisions"}],"predecessor-version":[{"id":1935,"href":"https:\/\/omelhordaqui.net\/index.php\/wp-json\/wp\/v2\/pages\/1916\/revisions\/1935"}],"wp:attachment":[{"href":"https:\/\/omelhordaqui.net\/index.php\/wp-json\/wp\/v2\/media?parent=1916"}],"curies":[{"name":"wp","href":"https:\/\/api.w.org\/{rel}","templated":true}]}}