{"id":1883,"date":"2020-04-29T17:41:11","date_gmt":"2020-04-29T20:41:11","guid":{"rendered":"http:\/\/omelhordaqui.net\/?page_id=1883"},"modified":"2020-04-30T21:18:45","modified_gmt":"2020-05-01T00:18:45","slug":"premio-o-melhor-daqui-lins-2020","status":"publish","type":"page","link":"https:\/\/omelhordaqui.net\/index.php\/premio-o-melhor-daqui-lins-2020\/","title":{"rendered":"Pr\u00eamio &#8220;O Melhor Daqui&#8221; Lins 2020"},"content":{"rendered":"<h3>\n    <script src=\"https:\/\/ajax.googleapis.com\/ajax\/libs\/webfont\/1\/webfont.js\"><\/script>\n\n\n    <style>\n        #weblizar_1729 .rpgp-header-label {\n            color: #FFFFFF !important;\n        }\n\n        #weblizar_1729 .rpgp-footer-label {\n            color: #000000 !important;\n            font-size: 16px;\n            margin-bottom: 5px;\n            margin-top: 5px;\n            text-align: center;\n            font-weight: normal;\n        }\n\n        #weblizar_1729 .fa {\n            color: #FFFFFF !important;\n        }\n\n        #weblizar_1729 .b-wrapper p a i {\n            color: #FFFFFF !important;\n        }\n\n        #weblizar_1729 .b-link-fade .b-wrapper, #weblizar_1729 .b-link-fade .b-top-line {\n            background: rgba(49, 163, 221, 0.5);\n        }\n\n        #weblizar_1729 .b-link-flow .b-wrapper, #weblizar_1729 .b-link-flow .b-top-line {\n            background: rgba(49, 163, 221, 0.5);\n        }\n\n        #weblizar_1729 .b-link-stroke .b-top-line {\n            background: rgba(49, 163, 221, 0.5);\n        }\n\n        #weblizar_1729 .b-link-stroke .b-bottom-line {\n            background: rgba(49, 163, 221, 0.5);\n        }\n\n        #weblizar_1729 .b-link-box .b-top-line {\n\n            border: 16px solid rgba(49, 163, 221, 0.5);\n        }\n\n        #weblizar_1729 .b-link-box .b-bottom-line {\n            background: rgba(49, 163, 221, 0.5);\n        }\n\n        #weblizar_1729 .b-link-stripe .b-line {\n            background: rgba(49, 163, 221, 0.5);\n        }\n\n        #weblizar_1729 .b-link-apart-horisontal .b-top-line, #weblizar_1729 .b-link-apart-horisontal .b-top-line-up {\n            background: rgba(49, 163, 221, 0.5);\n\n        }\n\n        #weblizar_1729 .b-link-apart-horisontal .b-bottom-line, #weblizar_1729 .b-link-apart-horisontal .b-bottom-line-up {\n            background: rgba(49, 163, 221, 0.5);\n        }\n\n        #weblizar_1729 .b-link-apart-vertical .b-top-line, #weblizar_1729 .b-link-apart-vertical .b-top-line-up {\n            background: rgba(49, 163, 221, 0.5);\n        }\n\n        #weblizar_1729 .b-link-apart-vertical .b-bottom-line, #weblizar_1729 .b-link-apart-vertical .b-bottom-line-up {\n            background: rgba(49, 163, 221, 0.5);\n        }\n\n        #weblizar_1729 .b-link-diagonal .b-line {\n            background: rgba(49, 163, 221, 0.5);\n        }\n\n        #weblizar_1729 .b-wrapper {\n            font-family: Arial;\n        \/ \/ real name pass here\n        }\n\n        #weblizar_1729 .rpgp-header-label {\n            font-family: Arial !important;\n        \/ \/ real name pass here\n        }\n\n        #weblizar_1729 .rpgp-footer-label {\n            font-family: Arial !important;\n        \/ \/ real name pass here\n        }\n\n        @media (min-width: 992px) {\n            .col-md-6 {\n                width: 49.97% !important;\n            }\n\n            .col-md-4 {\n                width: 33.30% !important;\n            }\n\n            .col-md-3 {\n                width: 24.90% !important;\n            }\n        }\n\n                @media (max-width: 992px) {\n            #weblizar_1729 .rpgp-header-label {\n                display: none;\n            }\n        }\n\n        @media (min-width: 993px) {\n            #weblizar_1729 .rpgp-footer-label {\n                display: none;\n            }\n        }\n\n                #weblizar_1729 a {\n            border-bottom: none;\n        }\n\n        .rpgp-gallery-head {\n            font-weight: bolder;\n            padding-bottom: 10px;\n            border-bottom: 2px solid #cccccc;\n            margin-bottom: 20px;\n            font-size: 24px;\n            font-family: Arial;\n        }\n\n        #swipebox-caption {\n            font-family: Arial;\n        }\n\n            <\/style>\n\n\t    <div class=\"gal-container photobox-lightbox_1729 \">\n\t\t            <!--get the post id-->\n\t\t\t\n\t\t\t\n            <div class=\"gallery1\" id=\"weblizar_1729\">\n\t\t\t\t                    <div class=\"col-md-2 col-sm-6 wl-gallery\">\n                        <div class=\"b-link-fade b-animate-go\">\n\t\t\t\t\t\t\t                                <img src=\"http:\/\/omelhordaqui.net\/wp-content\/uploads\/2019\/10\/DSC_3322-400x400.jpg\" class=\"gall-img-responsive\"\n                                     alt=\"\">\n                                <div class=\"b-wrapper\">\n\t\t\t\t\t\t\t\t\t                                        <p class=\"b-from-right b-animate b-delay03\">\n                                            <a href=\"http:\/\/omelhordaqui.net\/wp-content\/uploads\/2019\/10\/DSC_3322.jpg\"\n                                               alt=\"\">\n                                                <i class=\"fas fa-camera fa-3x\"><\/i>\n                                                <img src=\"http:\/\/omelhordaqui.net\/wp-content\/uploads\/2019\/10\/DSC_3322-400x400.jpg\" class=\"gall-img-responsive\"\n                                                     style=\"display:none !important; visibility:hidden\"\n                                                     alt=\"\">\n                                            <\/a>\n                                        <\/p>\n\t\t\t\t\t\t\t\t\t\t                                <\/div>\n\t\t\t\t\t\t\t\t                        <\/div>\n\t\t\t\t\t\t                    <\/div>\n\t\t\t\t\t                    <div class=\"col-md-2 col-sm-6 wl-gallery\">\n                        <div class=\"b-link-fade b-animate-go\">\n\t\t\t\t\t\t\t                                <img src=\"http:\/\/omelhordaqui.net\/wp-content\/uploads\/2019\/10\/DSC_3406_rec-400x400.jpg\" class=\"gall-img-responsive\"\n                                     alt=\"\">\n                                <div class=\"b-wrapper\">\n\t\t\t\t\t\t\t\t\t                                        <p class=\"b-from-right b-animate b-delay03\">\n                                            <a href=\"http:\/\/omelhordaqui.net\/wp-content\/uploads\/2019\/10\/DSC_3406_rec.jpg\"\n                                               alt=\"\">\n                                                <i class=\"fas fa-camera fa-3x\"><\/i>\n                                                <img src=\"http:\/\/omelhordaqui.net\/wp-content\/uploads\/2019\/10\/DSC_3406_rec-400x400.jpg\" class=\"gall-img-responsive\"\n                                                     style=\"display:none !important; visibility:hidden\"\n                                                     alt=\"\">\n                                            <\/a>\n                                        <\/p>\n\t\t\t\t\t\t\t\t\t\t                                <\/div>\n\t\t\t\t\t\t\t\t                        <\/div>\n\t\t\t\t\t\t                    <\/div>\n\t\t\t\t\t                    <div class=\"col-md-2 col-sm-6 wl-gallery\">\n                        <div class=\"b-link-fade b-animate-go\">\n\t\t\t\t\t\t\t                                <img src=\"http:\/\/omelhordaqui.net\/wp-content\/uploads\/2019\/10\/DSC_3515-400x400.jpg\" class=\"gall-img-responsive\"\n                                     alt=\"\">\n                                <div class=\"b-wrapper\">\n\t\t\t\t\t\t\t\t\t                                        <p class=\"b-from-right b-animate b-delay03\">\n                                            <a href=\"http:\/\/omelhordaqui.net\/wp-content\/uploads\/2019\/10\/DSC_3515.jpg\"\n                                               alt=\"\">\n                                                <i class=\"fas fa-camera fa-3x\"><\/i>\n                                                <img src=\"http:\/\/omelhordaqui.net\/wp-content\/uploads\/2019\/10\/DSC_3515-400x400.jpg\" class=\"gall-img-responsive\"\n                                                     style=\"display:none !important; visibility:hidden\"\n                                                     alt=\"\">\n                                            <\/a>\n                                        <\/p>\n\t\t\t\t\t\t\t\t\t\t                                <\/div>\n\t\t\t\t\t\t\t\t                        <\/div>\n\t\t\t\t\t\t                    <\/div>\n\t\t\t\t\t                    <div class=\"col-md-2 col-sm-6 wl-gallery\">\n                        <div class=\"b-link-fade b-animate-go\">\n\t\t\t\t\t\t\t                                <img src=\"http:\/\/omelhordaqui.net\/wp-content\/uploads\/2019\/10\/MG-36-400x400.jpg\" class=\"gall-img-responsive\"\n                                     alt=\"\">\n                                <div class=\"b-wrapper\">\n\t\t\t\t\t\t\t\t\t                                        <p class=\"b-from-right b-animate b-delay03\">\n                                            <a href=\"http:\/\/omelhordaqui.net\/wp-content\/uploads\/2019\/10\/MG-36.jpg\"\n                                               alt=\"\">\n                                                <i class=\"fas fa-camera fa-3x\"><\/i>\n                                                <img src=\"http:\/\/omelhordaqui.net\/wp-content\/uploads\/2019\/10\/MG-36-400x400.jpg\" class=\"gall-img-responsive\"\n                                                     style=\"display:none !important; visibility:hidden\"\n                                                     alt=\"\">\n                                            <\/a>\n                                        <\/p>\n\t\t\t\t\t\t\t\t\t\t                                <\/div>\n\t\t\t\t\t\t\t\t                        <\/div>\n\t\t\t\t\t\t                    <\/div>\n\t\t\t\t\t                    <div class=\"col-md-2 col-sm-6 wl-gallery\">\n                        <div class=\"b-link-fade b-animate-go\">\n\t\t\t\t\t\t\t                                <img src=\"http:\/\/omelhordaqui.net\/wp-content\/uploads\/2019\/10\/O-Melhor-de-Piraju-16-400x400.jpg\" class=\"gall-img-responsive\"\n                                     alt=\"\">\n                                <div class=\"b-wrapper\">\n\t\t\t\t\t\t\t\t\t                                        <p class=\"b-from-right b-animate b-delay03\">\n                                            <a href=\"http:\/\/omelhordaqui.net\/wp-content\/uploads\/2019\/10\/O-Melhor-de-Piraju-16.jpg\"\n                                               alt=\"\">\n                                                <i class=\"fas fa-camera fa-3x\"><\/i>\n                                                <img src=\"http:\/\/omelhordaqui.net\/wp-content\/uploads\/2019\/10\/O-Melhor-de-Piraju-16-400x400.jpg\" class=\"gall-img-responsive\"\n                                                     style=\"display:none !important; visibility:hidden\"\n                                                     alt=\"\">\n                                            <\/a>\n                                        <\/p>\n\t\t\t\t\t\t\t\t\t\t                                <\/div>\n\t\t\t\t\t\t\t\t                        <\/div>\n\t\t\t\t\t\t                    <\/div>\n\t\t\t\t\t                    <div class=\"col-md-2 col-sm-6 wl-gallery\">\n                        <div class=\"b-link-fade b-animate-go\">\n\t\t\t\t\t\t\t                                <img src=\"http:\/\/omelhordaqui.net\/wp-content\/uploads\/2019\/10\/Marcelo-Roma-2953-400x400.jpg\" class=\"gall-img-responsive\"\n                                     alt=\"\">\n                                <div class=\"b-wrapper\">\n\t\t\t\t\t\t\t\t\t                                        <p class=\"b-from-right b-animate b-delay03\">\n                                            <a href=\"http:\/\/omelhordaqui.net\/wp-content\/uploads\/2019\/10\/Marcelo-Roma-2953.jpg\"\n                                               alt=\"\">\n                                                <i class=\"fas fa-camera fa-3x\"><\/i>\n                                                <img src=\"http:\/\/omelhordaqui.net\/wp-content\/uploads\/2019\/10\/Marcelo-Roma-2953-400x400.jpg\" class=\"gall-img-responsive\"\n                                                     style=\"display:none !important; visibility:hidden\"\n                                                     alt=\"\">\n                                            <\/a>\n                                        <\/p>\n\t\t\t\t\t\t\t\t\t\t                                <\/div>\n\t\t\t\t\t\t\t\t                        <\/div>\n\t\t\t\t\t\t                    <\/div>\n\t\t\t\t\t            <\/div>\n\t\t    <\/div>\n\n\t        <script>\n            jQuery('.photobox-lightbox_1729').photobox('a');\n            \/\/ or with a fancier selector and some settings, and a callback:\n            jQuery('.photobox-lightbox_1729').photobox('a:first', {\n                thumbs: false,\n                time: 0\n            }, imageLoaded);\n\n            function imageLoaded() {\n                console.log('image has been loaded...');\n            }\n        <\/script>\n\t\n\t\n    <!-- swipe box-->\n\t\n\t<\/h3>\n<h3>Encomende o DIPLOMA de sua empresa at\u00e9 o dia 10 de maio e ganhe um ano de publicidade semanal gratuita* para sua empresa no grupo &#8220;O Melhor de Lins&#8221; no Facebook e Instagram!<\/h3>\n<h4><strong>KIT COMPLETO POR APENAS R$127,00!\u00a0<\/strong><\/h4>\n<ol>\n<li><strong>DIPLOMA PERSONALIZADO<\/strong>: voc\u00ea receber\u00e1 pelo correio o diploma com a imagem de nossa <strong>Exclusiva Medalha Ouro, Prata ou Bronze<\/strong>, personalizado com o nome e o segmento comercial da sua empresa no endere\u00e7o que preferir.<\/li>\n<li><strong>4 SELOS ADESIVOS PERSONALIZADOS:<\/strong> voc\u00ea receber\u00e1 pelo correio, junto com o seu diploma,\u00a0<strong>quatro selos adesivos<\/strong>\u00a0com a imagem de nossa <strong>Exclusiva Medalha Ouro, Prata ou Bronze <\/strong>personalizados com o nome e o segmento comercial da sua empresa\u00a0para colocar na porta do seu estabelecimento em outros locais de destaque de sua empresa.<\/li>\n<li><strong>POSTAGEM COMEMORATIVA NO GRUPO &#8220;O MELHOR DE LINS&#8221;:<\/strong>\u00a0ao receber seu diploma pelo correio, tire uma foto ou fa\u00e7a um v\u00eddeo exibindo o diploma e nos mande com um texto de agradecimento \u00e0s pessoas que votaram em sua empresa e dizendo porque esse pr\u00eamio \u00e9 importante na hist\u00f3ria de sua empresa. A foto ser\u00e1 publicada no grupo &#8220;O Melhor de Lins&#8221; no Facebook e visualizada pelos mais de <strong>19.000 moradores de Lins<\/strong> que fazem parte do grupo!<\/li>\n<\/ol>\n<p><strong>ATEN\u00c7\u00c3O! B\u00d4NUS EXCLUSIVO PARA ENCOMENDAS CONFIRMADAS AT\u00c9 10\/05\/2020<br \/>\n&gt;&gt;&gt; PUBLICIDADE SEMANAL GRATUITA DURANTE UM ANO* NO GRUPO &#8220;O MELHOR DE LINS&#8221; &lt;&lt;&lt;<br \/>\n<\/strong>Confirmando sua encomenda do &#8220;kit completo&#8221; acima at\u00e9 o dia 10 de maio de 2020, voc\u00ea receber\u00e1 gratuitamente\u00a0<strong>divulga\u00e7\u00e3o semanal <\/strong>das novidades de sua empresa\u00a0no grupo <strong>&#8220;O Melhor de Lins&#8221; no Facebook e Instagram<\/strong> durante todos os meses at\u00e9 o in\u00edcio das vota\u00e7\u00f5es do Pr\u00eamio &#8220;O Melhor Daqui&#8221; Lins 2021. S\u00e3o <strong>dezenas de oportunidades de divulgar gratuitamente sua empresa<\/strong> aos mais de <strong>19.000 moradores de Lins<\/strong> que fazem parte das nossas comunidades no Facebook e Instagram!<br \/>\n(*) A publicidade semanal gratuita funciona de maneira \u00e1gil e sua empresa tem total controle sobre o conte\u00fado: voc\u00ea publica as mensagens semanais com os textos, imagens ou v\u00eddeos que desejar na p\u00e1gina da sua empresa no Facebook e nos envia o link dessas postagens para n\u00f3s compartilharmos no grupo &#8220;O Melhor de Lins&#8221; no Facebook e Instagram (as postagens com v\u00eddeo ser\u00e3o compartilhadas apenas no Facebook).<\/p>\n<h4><strong>Encomende o seu diploma AGORA!<\/strong><\/h4>\n<p>1- Preencha o <strong>formul\u00e1rio<\/strong> abaixo e clique em &#8220;Enviar Dados&#8221;.<br \/>\n2- Receba, em at\u00e9 24 horas, o link do <strong>boleto<\/strong> para pagamento em seu e-mail.<br \/>\n3- Realize o <strong>pagamento<\/strong> do boleto na ag\u00eancia banc\u00e1ria, lot\u00e9rica ou atrav\u00e9s do internet banking.<br \/>\nN\u00e3o \u00e9 necess\u00e1rio nos enviar o comprovante de pagamento. Nosso sistema de cobran\u00e7a receber\u00e1 o aviso de pagamento do banco e providenciar\u00e1 a impress\u00e3o do seu diploma.<\/p>\n<div role=\"form\" class=\"wpcf7\" id=\"wpcf7-f1855-o1\" lang=\"pt-BR\" dir=\"ltr\">\n<div class=\"screen-reader-response\"><p role=\"status\" aria-live=\"polite\" aria-atomic=\"true\"><\/p> <ul><\/ul><\/div>\n<form action=\"\/index.php\/wp-json\/wp\/v2\/pages\/1883#wpcf7-f1855-o1\" method=\"post\" class=\"wpcf7-form init\" novalidate=\"novalidate\" data-status=\"init\">\n<div style=\"display: none;\">\n<input type=\"hidden\" name=\"_wpcf7\" value=\"1855\" \/>\n<input type=\"hidden\" name=\"_wpcf7_version\" value=\"5.5.6.1\" \/>\n<input type=\"hidden\" name=\"_wpcf7_locale\" value=\"pt_BR\" \/>\n<input type=\"hidden\" name=\"_wpcf7_unit_tag\" value=\"wpcf7-f1855-o1\" \/>\n<input type=\"hidden\" name=\"_wpcf7_container_post\" value=\"0\" \/>\n<input type=\"hidden\" name=\"_wpcf7_posted_data_hash\" value=\"\" \/>\n<\/div>\n<p><label>Seu Nome Completo *<br \/>\n<span class=\"wpcf7-form-control-wrap your-name\"><input type=\"text\" name=\"your-name\" value=\"\" size=\"40\" class=\"wpcf7-form-control wpcf7-text wpcf7-validates-as-required\" aria-required=\"true\" aria-invalid=\"false\" \/><\/span><\/label><\/p>\n<p><label>Nome da Empresa na Vota\u00e7\u00e3o *<br \/>\n<span class=\"wpcf7-form-control-wrap your-empresa\"><input type=\"text\" name=\"your-empresa\" value=\"\" size=\"40\" class=\"wpcf7-form-control wpcf7-text wpcf7-validates-as-required\" aria-required=\"true\" aria-invalid=\"false\" \/><\/span><\/label><\/p>\n<p><label>CNPJ ou CPF *<br \/>\n<span class=\"wpcf7-form-control-wrap your-cnpj\"><input type=\"text\" name=\"your-cnpj\" value=\"\" size=\"40\" class=\"wpcf7-form-control wpcf7-text wpcf7-validates-as-required\" aria-required=\"true\" aria-invalid=\"false\" \/><\/span><\/label><\/p>\n<p><label> E-Mail *<br \/>\n<span class=\"wpcf7-form-control-wrap your-email\"><input type=\"email\" name=\"your-email\" value=\"\" size=\"40\" class=\"wpcf7-form-control wpcf7-text wpcf7-email wpcf7-validates-as-required wpcf7-validates-as-email\" aria-required=\"true\" aria-invalid=\"false\" \/><\/span> <\/label><\/p>\n<p><label> Telefone *<br \/>\n<span class=\"wpcf7-form-control-wrap your-telefone\"><input type=\"text\" name=\"your-telefone\" value=\"\" size=\"40\" class=\"wpcf7-form-control wpcf7-text wpcf7-validates-as-required\" aria-required=\"true\" aria-invalid=\"false\" \/><\/span> <\/label><\/p>\n<p><label> WhatsApp *<br \/>\n<span class=\"wpcf7-form-control-wrap your-whatsapp\"><input type=\"text\" name=\"your-whatsapp\" value=\"\" size=\"40\" class=\"wpcf7-form-control wpcf7-text wpcf7-validates-as-required\" aria-required=\"true\" aria-invalid=\"false\" \/><\/span> <\/label><\/p>\n<p><label> Cidade *<br \/>\n<span class=\"wpcf7-form-control-wrap your-cidade\"><input type=\"text\" name=\"your-cidade\" value=\"\" size=\"40\" class=\"wpcf7-form-control wpcf7-text wpcf7-validates-as-required\" aria-required=\"true\" aria-invalid=\"false\" \/><\/span> <\/label><\/p>\n<p><label> CONFIRME AGORA SUA ENCOMENDA!* <\/label><\/p>\n<p><span class=\"wpcf7-form-control-wrap DIPLOMA\"><span class=\"wpcf7-form-control wpcf7-checkbox wpcf7-validates-as-required wpcf7-exclusive-checkbox\"><span class=\"wpcf7-list-item first last\"><input type=\"checkbox\" name=\"DIPLOMA\" value=\"DENTRO DO LOTE DA CIDADE: estou encomendando o diploma e os quatro selos adesivos da minha empresa dentro do lote da cidade por R$197.\" \/><span class=\"wpcf7-list-item-label\">DENTRO DO LOTE DA CIDADE: estou encomendando o diploma e os quatro selos adesivos da minha empresa dentro do lote da cidade por R$197.<\/span><\/span><\/span><\/span><br \/>\n<span class=\"wpcf7-form-control-wrap DIPLOMA\"><span class=\"wpcf7-form-control wpcf7-checkbox wpcf7-validates-as-required wpcf7-exclusive-checkbox\"><span class=\"wpcf7-list-item first last\"><input type=\"checkbox\" name=\"DIPLOMA\" value=\"FORA DO LOTE DA CIDADE: estou encomendando o diploma e os quatro selos adesivos da minha empresa fora do lote da cidade por R$257.\" \/><span class=\"wpcf7-list-item-label\">FORA DO LOTE DA CIDADE: estou encomendando o diploma e os quatro selos adesivos da minha empresa fora do lote da cidade por R$257.<\/span><\/span><\/span><\/span><\/p>\n<p>[recaptcha]<br><\/p>\n<p><input type=\"submit\" value=\"Enviar Dados\" class=\"wpcf7-form-control has-spinner wpcf7-submit\" \/><br><\/p>\n<div class=\"wpcf7-response-output\" aria-hidden=\"true\"><\/div><\/form><\/div>\n<p><strong>O Pr\u00eamio &#8220;O Melhor Daqui&#8221; nasceu no bairro do Morumbi em S\u00e3o Paulo em 2004 e hoje \u00e9 realizado em diversas cidades do interior paulista, onde mobiliza milhares de pessoas que desejam participar da \u00fanica premia\u00e7\u00e3o a eleger as melhores empresas da cidade de forma DIRETA e TRANSPARENTE. Confira em nosso site: <a href=\"http:\/\/omelhordaqui.net\/\">www.omelhordaqui.net<\/a><\/strong><\/p>\n<p><strong>LINKS DESTA PREMIA\u00c7\u00c3O:<\/strong><\/p>\n<p>AQUISI\u00c7\u00c3O DO DIPLOMA:\u00a0<a href=\"http:\/\/bit.ly\/OMelhorDeLins2020\">bit.ly\/OMelhorDeLins2020<\/a><br \/>\nEMPRESAS VENCEDORAS: <a href=\"http:\/\/bit.ly\/OMDLins2020Vencedores\">OMDLins2020Vencedores<\/a><\/p>\n<p><strong>Equipe OMelhorDaqui.Net<br \/>\nCelular\/Whatsapp: (14) 99845-3493 (com Hisadora)<br \/>\ncontato@omelhordaqui.net<\/strong><\/p>\n","protected":false},"excerpt":{"rendered":"<p>Encomende o DIPLOMA de sua empresa at\u00e9 o dia 10 de maio e ganhe um ano de publicidade semanal gratuita* para sua empresa no grupo [&#8230;]<\/p>\n","protected":false},"author":1,"featured_media":0,"parent":0,"menu_order":0,"comment_status":"closed","ping_status":"closed","template":"","meta":[],"_links":{"self":[{"href":"https:\/\/omelhordaqui.net\/index.php\/wp-json\/wp\/v2\/pages\/1883"}],"collection":[{"href":"https:\/\/omelhordaqui.net\/index.php\/wp-json\/wp\/v2\/pages"}],"about":[{"href":"https:\/\/omelhordaqui.net\/index.php\/wp-json\/wp\/v2\/types\/page"}],"author":[{"embeddable":true,"href":"https:\/\/omelhordaqui.net\/index.php\/wp-json\/wp\/v2\/users\/1"}],"replies":[{"embeddable":true,"href":"https:\/\/omelhordaqui.net\/index.php\/wp-json\/wp\/v2\/comments?post=1883"}],"version-history":[{"count":8,"href":"https:\/\/omelhordaqui.net\/index.php\/wp-json\/wp\/v2\/pages\/1883\/revisions"}],"predecessor-version":[{"id":1895,"href":"https:\/\/omelhordaqui.net\/index.php\/wp-json\/wp\/v2\/pages\/1883\/revisions\/1895"}],"wp:attachment":[{"href":"https:\/\/omelhordaqui.net\/index.php\/wp-json\/wp\/v2\/media?parent=1883"}],"curies":[{"name":"wp","href":"https:\/\/api.w.org\/{rel}","templated":true}]}}