{"id":1804,"date":"2020-02-19T11:51:04","date_gmt":"2020-02-19T14:51:04","guid":{"rendered":"http:\/\/omelhordaqui.net\/?page_id=1804"},"modified":"2020-02-21T00:43:26","modified_gmt":"2020-02-21T03:43:26","slug":"premio-o-melhor-daqui-tupa-2020-empresas-vencedoras","status":"publish","type":"page","link":"https:\/\/omelhordaqui.net\/index.php\/premio-o-melhor-daqui-tupa-2020-empresas-vencedoras\/","title":{"rendered":"Pr\u00eamio &#8220;O Melhor Daqui&#8221; Tup\u00e3 2020 &#8211; Empresas Vencedoras"},"content":{"rendered":"<p><strong>Clique no link, encomende o merecido diploma de sua empresa e participe do nosso Jantar de Confraterniza\u00e7\u00e3o:\u00a0<a href=\"http:\/\/bit.ly\/OMDTupa2020JantarDiplomas\">http:\/\/bit.ly\/OMDTupa2020JantarDiplomas<\/a><\/strong><\/p>\n<p><img decoding=\"async\" loading=\"lazy\" class=\"alignnone size-full wp-image-1833\" src=\"http:\/\/omelhordaqui.net\/wp-content\/uploads\/2020\/02\/resultado_oficial_tupa_2020_maior_2.png\" alt=\"\" width=\"1152\" height=\"3010\" srcset=\"https:\/\/omelhordaqui.net\/wp-content\/uploads\/2020\/02\/resultado_oficial_tupa_2020_maior_2.png 1152w, https:\/\/omelhordaqui.net\/wp-content\/uploads\/2020\/02\/resultado_oficial_tupa_2020_maior_2-115x300.png 115w, https:\/\/omelhordaqui.net\/wp-content\/uploads\/2020\/02\/resultado_oficial_tupa_2020_maior_2-768x2007.png 768w, https:\/\/omelhordaqui.net\/wp-content\/uploads\/2020\/02\/resultado_oficial_tupa_2020_maior_2-392x1024.png 392w\" sizes=\"(max-width: 1152px) 100vw, 1152px\" \/><\/p>\n<p><strong>O Pr\u00eamio &#8220;O Melhor Daqui&#8221; nasceu no bairro do Morumbi em S\u00e3o Paulo em 2004 e hoje \u00e9 realizado em diversas cidades do interior paulista, onde mobiliza milhares de pessoas que desejam participar da \u00fanica premia\u00e7\u00e3o a eleger as melhores empresas da cidade de forma DIRETA e TRANSPARENTE. Confira em nosso site: <a href=\"http:\/\/omelhordaqui.net\/\">www.omelhordaqui.net<\/a><\/strong><\/p>\n<p><strong>LINKS DESTA PREMIA\u00c7\u00c3O:<\/strong><\/p>\n<p>AQUISI\u00c7\u00c3O DO DIPLOMA:\u00a0<a href=\"http:\/\/bit.ly\/OMDTupa2020JantarDiplomas\">http:\/\/bit.ly\/OMDTupa2020JantarDiplomas<\/a><br \/>\nEMPRESAS VENCEDORAS:\u00a0<a href=\"http:\/\/bit.ly\/OMDTupa2020Vencedores\">http:\/\/bit.ly\/OMDTupa2020Vencedores<\/a><br \/>\nSELOS DIGITAIS: solicitar atrav\u00e9s do WhatsApp\u00a0(14) 99845-3493 (com Hisadora).<\/p>\n<p><strong>Equipe OMelhorDaqui.Net<br \/>\nCelular\/Whatsapp: (14) 99845-3493 (com Hisadora)<br \/>\ncontato@omelhordaqui.net<\/strong><\/p>\n","protected":false},"excerpt":{"rendered":"<p>Clique no link, encomende o merecido diploma de sua empresa e participe do nosso Jantar de Confraterniza\u00e7\u00e3o:\u00a0http:\/\/bit.ly\/OMDTupa2020JantarDiplomas O Pr\u00eamio &#8220;O Melhor Daqui&#8221; nasceu no bairro [&#8230;]<\/p>\n","protected":false},"author":1,"featured_media":0,"parent":0,"menu_order":0,"comment_status":"closed","ping_status":"closed","template":"","meta":[],"_links":{"self":[{"href":"https:\/\/omelhordaqui.net\/index.php\/wp-json\/wp\/v2\/pages\/1804"}],"collection":[{"href":"https:\/\/omelhordaqui.net\/index.php\/wp-json\/wp\/v2\/pages"}],"about":[{"href":"https:\/\/omelhordaqui.net\/index.php\/wp-json\/wp\/v2\/types\/page"}],"author":[{"embeddable":true,"href":"https:\/\/omelhordaqui.net\/index.php\/wp-json\/wp\/v2\/users\/1"}],"replies":[{"embeddable":true,"href":"https:\/\/omelhordaqui.net\/index.php\/wp-json\/wp\/v2\/comments?post=1804"}],"version-history":[{"count":14,"href":"https:\/\/omelhordaqui.net\/index.php\/wp-json\/wp\/v2\/pages\/1804\/revisions"}],"predecessor-version":[{"id":1838,"href":"https:\/\/omelhordaqui.net\/index.php\/wp-json\/wp\/v2\/pages\/1804\/revisions\/1838"}],"wp:attachment":[{"href":"https:\/\/omelhordaqui.net\/index.php\/wp-json\/wp\/v2\/media?parent=1804"}],"curies":[{"name":"wp","href":"https:\/\/api.w.org\/{rel}","templated":true}]}}