{"id":1767,"date":"2019-10-31T22:22:06","date_gmt":"2019-11-01T01:22:06","guid":{"rendered":"http:\/\/omelhordaqui.net\/?page_id=1767"},"modified":"2019-10-31T22:39:35","modified_gmt":"2019-11-01T01:39:35","slug":"premio-o-melhor-daqui-assis-2019-empresas-vencedoras","status":"publish","type":"page","link":"https:\/\/omelhordaqui.net\/index.php\/premio-o-melhor-daqui-assis-2019-empresas-vencedoras\/","title":{"rendered":"Pr\u00eamio &#8220;O Melhor Daqui&#8221; Assis 2019 &#8211; Empresas Vencedoras"},"content":{"rendered":"<p><img decoding=\"async\" loading=\"lazy\" class=\"alignnone size-full wp-image-1777\" src=\"http:\/\/omelhordaqui.net\/wp-content\/uploads\/2019\/10\/assis_resultado_2019.png\" alt=\"\" width=\"2079\" height=\"5296\" srcset=\"https:\/\/omelhordaqui.net\/wp-content\/uploads\/2019\/10\/assis_resultado_2019.png 2079w, https:\/\/omelhordaqui.net\/wp-content\/uploads\/2019\/10\/assis_resultado_2019-118x300.png 118w, https:\/\/omelhordaqui.net\/wp-content\/uploads\/2019\/10\/assis_resultado_2019-768x1956.png 768w, https:\/\/omelhordaqui.net\/wp-content\/uploads\/2019\/10\/assis_resultado_2019-402x1024.png 402w\" sizes=\"(max-width: 2079px) 100vw, 2079px\" \/><\/p>\n<p><strong>Clique no link, encomende o merecido diploma de sua empresa e participe do nosso Jantar de Confraterniza\u00e7\u00e3o:\u00a0<a href=\"http:\/\/bit.ly\/OMDAssisCandidoMota2019\">http:\/\/bit.ly\/OMDAssisCandidoMota2019<\/a><\/strong><\/p>\n<p><strong>O Pr\u00eamio \u201cO Melhor Daqui\u201d nasceu no bairro do Morumbi em S\u00e3o Paulo em 2004 e hoje \u00e9 realizado em diversas localidades, onde mobiliza milhares de pessoas que desejam participar da \u00fanica premia\u00e7\u00e3o a eleger as melhores empresas de suas cidades de forma DIRETA e TRANSPARENTE. Confira em nosso site: <a href=\"http:\/\/omelhordaqui.net\/\">www.omelhordaqui.net<\/a><\/strong><\/p>\n<p><strong>Equipe OMelhorDaqui.Net<br \/>\nCelular\/Whatsapp: (14) 99742-8267 (Angela) ou (14) 99733-2186 (Adriane)<br \/>\ncontato@omelhordaqui.net<\/strong><\/p>\n","protected":false},"excerpt":{"rendered":"<p>Clique no link, encomende o merecido diploma de sua empresa e participe do nosso Jantar de Confraterniza\u00e7\u00e3o:\u00a0http:\/\/bit.ly\/OMDAssisCandidoMota2019 O Pr\u00eamio \u201cO Melhor Daqui\u201d nasceu no bairro [&#8230;]<\/p>\n","protected":false},"author":1,"featured_media":0,"parent":0,"menu_order":0,"comment_status":"closed","ping_status":"closed","template":"","meta":[],"_links":{"self":[{"href":"https:\/\/omelhordaqui.net\/index.php\/wp-json\/wp\/v2\/pages\/1767"}],"collection":[{"href":"https:\/\/omelhordaqui.net\/index.php\/wp-json\/wp\/v2\/pages"}],"about":[{"href":"https:\/\/omelhordaqui.net\/index.php\/wp-json\/wp\/v2\/types\/page"}],"author":[{"embeddable":true,"href":"https:\/\/omelhordaqui.net\/index.php\/wp-json\/wp\/v2\/users\/1"}],"replies":[{"embeddable":true,"href":"https:\/\/omelhordaqui.net\/index.php\/wp-json\/wp\/v2\/comments?post=1767"}],"version-history":[{"count":5,"href":"https:\/\/omelhordaqui.net\/index.php\/wp-json\/wp\/v2\/pages\/1767\/revisions"}],"predecessor-version":[{"id":1780,"href":"https:\/\/omelhordaqui.net\/index.php\/wp-json\/wp\/v2\/pages\/1767\/revisions\/1780"}],"wp:attachment":[{"href":"https:\/\/omelhordaqui.net\/index.php\/wp-json\/wp\/v2\/media?parent=1767"}],"curies":[{"name":"wp","href":"https:\/\/api.w.org\/{rel}","templated":true}]}}