{"id":1596,"date":"2019-08-28T08:31:45","date_gmt":"2019-08-28T11:31:45","guid":{"rendered":"http:\/\/omelhordaqui.net\/?page_id=1596"},"modified":"2019-08-28T08:33:22","modified_gmt":"2019-08-28T11:33:22","slug":"premio-o-melhor-daqui-rio-claro-2019-comercial-rotisserie-vo-carola","status":"publish","type":"page","link":"https:\/\/omelhordaqui.net\/index.php\/premio-o-melhor-daqui-rio-claro-2019-comercial-rotisserie-vo-carola\/","title":{"rendered":"PR\u00caMIO &#8220;O MELHOR DAQUI&#8221; RIO CLARO 2019  &#8211; COMERCIAL ROTISSERIE V\u00d3 CAROLA"},"content":{"rendered":"<div id=\"content\" class=\"sidebar-right twelve columns\">\n<article id=\"post-7365\" class=\"post-7365 page type-page status-publish hentry\">\n<div class=\"entry\">\n<h4><span class=\"style1\">Spot comercial ROTISSERIE V\u00d3 CAROLA, a melhor MARMITARIA de Rio Claro!<\/span><\/h4>\n<\/div>\n<\/article>\n<\/div>\n<div id=\"content\" class=\"sidebar-right twelve columns\">\n<article id=\"post-7365\" class=\"post-7365 page type-page status-publish hentry\">\n<div class=\"entry\">\n<div class=\"hr hr1\">\n<!--[if lt IE 9]><script>document.createElement('audio');<\/script><![endif]-->\n<audio class=\"wp-audio-shortcode\" id=\"audio-1596-1\" preload=\"none\" style=\"width: 100%;\" controls=\"controls\"><source type=\"audio\/mpeg\" src=\"http:\/\/omelhordaqui.net\/wp-content\/uploads\/2019\/08\/VO_CAROLA_RIO_CLARO.mp3?_=1\" \/><a href=\"http:\/\/omelhordaqui.net\/wp-content\/uploads\/2019\/08\/VO_CAROLA_RIO_CLARO.mp3\">http:\/\/omelhordaqui.net\/wp-content\/uploads\/2019\/08\/VO_CAROLA_RIO_CLARO.mp3<\/a><\/audio>\n<\/div>\n<p>Esse tipo de spot comercial, \u00e9 um dos itens que entregamos \u00e0s empresas que decidem participar do Jantar de Entrega dos Diplomas do Pr\u00eamio &#8220;O Melhor Daqui&#8221; Rio Claro 2019!<\/p>\n<p>Al\u00e9m do <strong>spot comercial,<\/strong> as empresas participantes recebem tamb\u00e9m <strong>divulga\u00e7\u00e3o semanal<\/strong> de suas novidades e promo\u00e7\u00f5es at\u00e9 junho de 2020 para as <strong>mais de 10.000 pessoas<\/strong> que fazem parte do grupo \u201cO Melhor de Rio Claro\u201d no Facebook. \ud83d\ude42<\/p>\n<p>Fale conosco e <strong>fa\u00e7a sua reserva at\u00e9 23\/08\/2019<\/strong>!<\/p>\n<p><strong>Equipe OMelhorDaqui.Net<br \/>\nCelular\/Whatsapp: (14) 99742-8267 (Angela)<br \/>\ncontato@omelhordaqui.net<\/strong><\/p>\n<\/div>\n<\/article>\n<\/div>\n","protected":false},"excerpt":{"rendered":"<p>Spot comercial ROTISSERIE V\u00d3 CAROLA, a melhor MARMITARIA de Rio Claro! Esse tipo de spot comercial, \u00e9 um dos itens que entregamos \u00e0s empresas que [&#8230;]<\/p>\n","protected":false},"author":1,"featured_media":0,"parent":0,"menu_order":0,"comment_status":"closed","ping_status":"closed","template":"","meta":[],"_links":{"self":[{"href":"https:\/\/omelhordaqui.net\/index.php\/wp-json\/wp\/v2\/pages\/1596"}],"collection":[{"href":"https:\/\/omelhordaqui.net\/index.php\/wp-json\/wp\/v2\/pages"}],"about":[{"href":"https:\/\/omelhordaqui.net\/index.php\/wp-json\/wp\/v2\/types\/page"}],"author":[{"embeddable":true,"href":"https:\/\/omelhordaqui.net\/index.php\/wp-json\/wp\/v2\/users\/1"}],"replies":[{"embeddable":true,"href":"https:\/\/omelhordaqui.net\/index.php\/wp-json\/wp\/v2\/comments?post=1596"}],"version-history":[{"count":3,"href":"https:\/\/omelhordaqui.net\/index.php\/wp-json\/wp\/v2\/pages\/1596\/revisions"}],"predecessor-version":[{"id":1600,"href":"https:\/\/omelhordaqui.net\/index.php\/wp-json\/wp\/v2\/pages\/1596\/revisions\/1600"}],"wp:attachment":[{"href":"https:\/\/omelhordaqui.net\/index.php\/wp-json\/wp\/v2\/media?parent=1596"}],"curies":[{"name":"wp","href":"https:\/\/api.w.org\/{rel}","templated":true}]}}