{"id":1352,"date":"2019-06-05T22:43:35","date_gmt":"2019-06-06T01:43:35","guid":{"rendered":"http:\/\/omelhordaqui.net\/?page_id=1352"},"modified":"2019-06-05T22:49:09","modified_gmt":"2019-06-06T01:49:09","slug":"premio-o-melhor-do-morumbi-2019-selo-bronze","status":"publish","type":"page","link":"https:\/\/omelhordaqui.net\/index.php\/premio-o-melhor-do-morumbi-2019-selo-bronze\/","title":{"rendered":"PR\u00caMIO MORUMBI.NET  \u2013 &#8220;O MELHOR DO MORUMBI&#8221; 2019  \u2013 3\u00ba LUGAR"},"content":{"rendered":"<div id=\"content\" class=\"sidebar-right twelve columns\">\n<article id=\"post-7365\" class=\"post-7365 page type-page status-publish hentry\">\n<div class=\"entry\">\n<p><span class=\"responsive\">\u00a0<\/span><\/p>\n<h4><span class=\"style1\">Parab\u00e9ns!<\/span><\/h4>\n<p class=\"txt12\">Estes s\u00e3o os selos que comunicam aos seus clientes que sua empresa \u00e9 a &#8220;3\u00aa Melhor do Morumbi&#8221; em seu segmento, eleita pelo <strong>Pr\u00eamio MORUMBI.NET 2019<\/strong>, a \u00fanica premia\u00e7\u00e3o a eleger as melhores empresas do Morumbi de forma direta, transparente e com grande participa\u00e7\u00e3o popular. Ele prova a qualidade dos servi\u00e7os prestados por sua empresa e certamente incentivar\u00e1 mais pessoas a conhecerem e consumirem seus produtos e servi\u00e7os.<\/p>\n<h4 class=\"titulomeio\"><strong>Escolha um dos formatos dispon\u00edveis e insira no seu site.<\/strong><\/h4>\n<p class=\"txt12\">Selo pequeno: <strong>160 x 180 pixels<\/strong><\/p>\n<div class=\"two_third last\">\n<p><img decoding=\"async\" loading=\"lazy\" class=\" wp-image-774 alignleft\" src=\"http:\/\/omelhordaqui.net\/wp-content\/uploads\/2019\/06\/selo-pq-bronze-morumbi.png\" alt=\"\" width=\"41\" height=\"46\" \/><\/p>\n<p>&nbsp;<\/p>\n<p class=\"txt12\"><strong>Embed Code<\/strong> (copie e cole no seu site):<br \/>\n<em>&lt;a href=&#8221;http:\/\/omelhordaqui.net\/index.php\/premio-o-melhor-do-morumbi-2019-empresas-vencedoras\/&#8221;&gt;&lt;img class=\u201dalignnone wp-image-4381 size-full\u201d title=&#8221;Esta empresa foi eleita a 3\u00aa Melhor do Morumbi em seu segmento, atrav\u00e9s de vota\u00e7\u00e3o direta e transparente pelo p\u00fablico no Pr\u00eamio MORUMBI.NET.&#8221; src=&#8221;http:\/\/omelhordaqui.net\/wp-content\/uploads\/2019\/06\/selo-p-bronze-morumbi.png&#8221; alt=\u201dEsta empresa foi eleita a 3\u00aa Melhor do Morumbi em seu segmento, atrav\u00e9s de vota\u00e7\u00e3o direta e transparente pelo p\u00fablico no Pr\u00eamio MORUMBI.NET &#8211; 2019.\u201d width=\u201d160\u2033 height=\u201d180\u2033 \/&gt;&lt;\/a&gt;<\/em><\/p>\n<\/div>\n<div class=\"clear\"><\/div>\n<\/div>\n<\/article>\n<article id=\"post-7365\" class=\"post-7365 page type-page status-publish hentry\">\n<div class=\"entry\">\n<p>&nbsp;<\/p>\n<p>&nbsp;<\/p>\n<p>&nbsp;<\/p>\n<\/div>\n<p>&nbsp;<\/p>\n<\/article>\n<\/div>\n<p>&nbsp;<\/p>\n<div id=\"content\" class=\"sidebar-right twelve columns\">\n<article id=\"post-7365\" class=\"post-7365 page type-page status-publish hentry\">\n<div class=\"entry\">\n<p>&nbsp;<\/p>\n<p class=\"txt12\">Selo grande: <strong>177\u00a0x 272 pixels<\/strong><\/p>\n<div class=\"one_third\"><img decoding=\"async\" loading=\"lazy\" class=\"size-full wp-image-773 alignleft\" src=\"http:\/\/omelhordaqui.net\/wp-content\/uploads\/2019\/06\/selo-gr-bronze-morumbi.png\" alt=\"\" width=\"177\" height=\"272\" \/><\/div>\n<div class=\"two_third last\">\n<p>&nbsp;<\/p>\n<\/div>\n<\/div>\n<\/article>\n<\/div>\n<p>&nbsp;<\/p>\n<div id=\"content\" class=\"sidebar-right twelve columns\">\n<article id=\"post-7365\" class=\"post-7365 page type-page status-publish hentry\">\n<div class=\"entry\">\n<div class=\"two_third last\">\n<p>&nbsp;<\/p>\n<p class=\"txt12\"><strong>Embed Code<\/strong> (copie e cole no seu site):<br \/>\n<em>&lt;a href=&#8221;http:\/\/omelhordaqui.net\/index.php\/premio-o-melhor-do-morumbi-2019-empresas-vencedoras\/&#8221;&gt;&lt;img class=\u201dalignnone wp-image-4389 size-full\u201d title=&#8221;Esta empresa foi eleita a 3\u00aa Melhor do Morumbi em seu segmento, atrav\u00e9s de vota\u00e7\u00e3o direta e transparente pelo p\u00fablico no Pr\u00eamio MORUMBI.NET.&#8221; src=&#8221;http:\/\/omelhordaqui.net\/wp-content\/uploads\/2019\/06\/selo-g-bronze-morumbi.png&#8221; alt=\u201dEsta empresa foi eleita a 3\u00aa Melhor do Morumbi em seu segmento, atrav\u00e9s de vota\u00e7\u00e3o direta e transparente pelo p\u00fablico no Pr\u00eamio MORUMBI.NET &#8211; 2019.\u201d width=\u201d177\u2033 height=\u201d272\u2033 \/&gt;&lt;\/a&gt;<\/em><\/p>\n<\/div>\n<div class=\"clear\"><\/div>\n<div class=\"hr hr1\"><\/div>\n<p>&nbsp;<\/p>\n<p>&nbsp;<\/p>\n<p>&nbsp;<\/p>\n<p>&nbsp;<\/p>\n<p>Obrigado pela participa\u00e7\u00e3o, parab\u00e9ns e at\u00e9 o Pr\u00eamio MORUMBI.NET 2020!<\/p>\n<p><strong>Equipe OMelhorDaqui.net<br \/>\nCelulares\/Whatsapp: (14) 99887-7012 (Caio Marino)<br \/>\ncontato@omelhordaqui.net<\/strong><\/p>\n<\/div>\n<\/article>\n<\/div>\n","protected":false},"excerpt":{"rendered":"<p>\u00a0 Parab\u00e9ns! Estes s\u00e3o os selos que comunicam aos seus clientes que sua empresa \u00e9 a &#8220;3\u00aa Melhor do Morumbi&#8221; em seu segmento, eleita pelo [&#8230;]<\/p>\n","protected":false},"author":1,"featured_media":0,"parent":0,"menu_order":0,"comment_status":"closed","ping_status":"closed","template":"","meta":[],"_links":{"self":[{"href":"https:\/\/omelhordaqui.net\/index.php\/wp-json\/wp\/v2\/pages\/1352"}],"collection":[{"href":"https:\/\/omelhordaqui.net\/index.php\/wp-json\/wp\/v2\/pages"}],"about":[{"href":"https:\/\/omelhordaqui.net\/index.php\/wp-json\/wp\/v2\/types\/page"}],"author":[{"embeddable":true,"href":"https:\/\/omelhordaqui.net\/index.php\/wp-json\/wp\/v2\/users\/1"}],"replies":[{"embeddable":true,"href":"https:\/\/omelhordaqui.net\/index.php\/wp-json\/wp\/v2\/comments?post=1352"}],"version-history":[{"count":1,"href":"https:\/\/omelhordaqui.net\/index.php\/wp-json\/wp\/v2\/pages\/1352\/revisions"}],"predecessor-version":[{"id":1357,"href":"https:\/\/omelhordaqui.net\/index.php\/wp-json\/wp\/v2\/pages\/1352\/revisions\/1357"}],"wp:attachment":[{"href":"https:\/\/omelhordaqui.net\/index.php\/wp-json\/wp\/v2\/media?parent=1352"}],"curies":[{"name":"wp","href":"https:\/\/api.w.org\/{rel}","templated":true}]}}