{"id":10,"date":"2018-07-16T15:59:31","date_gmt":"2018-07-16T15:59:31","guid":{"rendered":"http:\/\/omelhordaqui.net\/?page_id=10"},"modified":"2022-05-12T12:26:24","modified_gmt":"2022-05-12T15:26:24","slug":"contato","status":"publish","type":"page","link":"https:\/\/omelhordaqui.net\/index.php\/contato\/","title":{"rendered":"Contato"},"content":{"rendered":"<p><strong>O MELHOR DAQUI<\/strong><strong><br \/>\n<\/strong>A unica premia\u00e7\u00e3o a eleger os melhores da cidade de forma direta e transparente.<\/p>\n<pre><strong>Telefone\/WhatsApp Coordenadoras:<\/strong> \n<strong data-rich-text-format-boundary=\"true\">ADRIANE (14 997332186): <\/strong>Amparo, Araras, Assis, Batatais, C\u00e2ndido Mota, Cerquilho, Cosm\u00f3polis, Cravinhos, Dracena, Fernand\u00f3polis, Ilhabela, Jales, Lorena, Mogi Mirim, Paragua\u00e7u Paulista, Piraju, Presidente Epit\u00e1cio, Rancharia, Registro, Rio Claro, Taquaritinga, Aruj\u00e1, Pedreira, Monta Alto, Sert\u00e3ozinho, Araraquara, Monte Alto. \n\n<strong data-rich-text-format-boundary=\"true\">ANA (14 99889-7386): <\/strong>\u00c1guas de Lind\u00f3ia, Americana, Andradina, Ara\u00e7atuba, Bauru, Campo Limpo Paulista, Campos do Jord\u00e3o, Carapicu\u00edba, Cascavel, Cotia, Ferraz de Vasconcelos, Foz do Igua\u00e7u, Franca, Francisco Morato, Guararapes, Holambra, Indaiatuba, Itapeva, Itapevi, Itaquaquecetuba, Itu, Mirand\u00f3polis, Ouroeste, Piracicaba, Ponta Grossa, S\u00e3o Jos\u00e9 do Rio Preto, S\u00e3o Jos\u00e9 dos Campos, Sorocaba, Vargem Grande Paulista, Vinhedo.\n\n<strong data-rich-text-format-boundary=\"true\">BEATRIZ (14 99891-1637<\/strong>)<strong>:<\/strong> S\u00e3o Sebasti\u00e3o do Para\u00edso, Frutal, Campo Largo, Arauc\u00e1ria, Toledo, Guarapuava, Teres\u00f3polis, Nova Friburgo, Volta Redonda, Nil\u00f3polis, Mesquita, Cabo Frio, Queimados.\n\n<strong data-rich-text-format-boundary=\"true\">BIANCA (14 998448848):<\/strong> Adamantina, Agudos, Apucarana, Bandeirantes, Barretos, Birigui, Catanduva, Corn\u00e9lio Proc\u00f3pio, Gar\u00e7a, Jacarezinho, Jos\u00e9 Bonif\u00e1cio, Mirassol, Socorro, Umuarama, Votuporanga, Laranjal Paulista, Ol\u00edmpia, Piraju\u00ed, Imbituva, Guaratuba, Mandaguari, Tiet\u00ea, Cap\u00e3o Bonito, Jaguari\u00fana, Jandira, Santa Gertrudes, Caraguatatuba, Piraju\u00ed.\n\n<strong data-rich-text-format-boundary=\"true\">HISADORA (14 99845-3493):<\/strong> Bragan\u00e7a Paulista, Ca\u00e7apava, Cruzeiro, Lins, Itapeva, Itapecerica da Serra, Londrina, Maring\u00e1, Ourinhos, Pirassununga, Santa Cruz do Rio Pardo, S\u00e3o Roque, Tup\u00e3, Ubatuba, Ja\u00fa, Mat\u00e3o, Franco da Rocha, S\u00e3o Caetano do Sul, Ibi\u00fana, Atibaia, Bebedouro, Santana de Parna\u00edba, Avar\u00e9, Santa B\u00e1rbara D'Oeste, Itapetininga, Caieiras, Osasco, Barueri, Paul\u00ednia, Po\u00e1, Tatu\u00ed, V\u00e1rzea Paulista, Votorantim, Tabo\u00e3o da Serra, Valinhos, Jaboticabal, Itapira, Len\u00e7\u00f3is Paulista, Mococa, Itanha\u00e9m, Salto, Guaratinguet\u00e1, Itatiba, Ribeir\u00e3o Pires, Cubat\u00e3o, Pindamonhangaba, Peru\u00edbe, Embu-Gua\u00e7u, Bertioga, Pen\u00e1polis, Boituva, Nova Odessa, Monte Mor, Mogi Gua\u00e7u, Jacare\u00ed, Hortol\u00e2ndia, Mairipor\u00e3, Leme, Sumar\u00e9.\n\n<\/pre>\n<pre><strong>E-mail:\ncontato@omelhordaqui.net<\/strong><\/pre>\n<pre><strong>Endere\u00e7o:<\/strong>\nAv. Tiradentes 360 sala 44\nSanta Cruz do Rio Pardo - SP<\/pre>\n","protected":false},"excerpt":{"rendered":"<p>O MELHOR DAQUI A unica premia\u00e7\u00e3o a eleger os melhores da cidade de forma direta e transparente. Telefone\/WhatsApp Coordenadoras: ADRIANE (14 997332186): Amparo, Araras, Assis, [&#8230;]<\/p>\n","protected":false},"author":1,"featured_media":0,"parent":0,"menu_order":0,"comment_status":"closed","ping_status":"closed","template":"","meta":[],"_links":{"self":[{"href":"https:\/\/omelhordaqui.net\/index.php\/wp-json\/wp\/v2\/pages\/10"}],"collection":[{"href":"https:\/\/omelhordaqui.net\/index.php\/wp-json\/wp\/v2\/pages"}],"about":[{"href":"https:\/\/omelhordaqui.net\/index.php\/wp-json\/wp\/v2\/types\/page"}],"author":[{"embeddable":true,"href":"https:\/\/omelhordaqui.net\/index.php\/wp-json\/wp\/v2\/users\/1"}],"replies":[{"embeddable":true,"href":"https:\/\/omelhordaqui.net\/index.php\/wp-json\/wp\/v2\/comments?post=10"}],"version-history":[{"count":21,"href":"https:\/\/omelhordaqui.net\/index.php\/wp-json\/wp\/v2\/pages\/10\/revisions"}],"predecessor-version":[{"id":3007,"href":"https:\/\/omelhordaqui.net\/index.php\/wp-json\/wp\/v2\/pages\/10\/revisions\/3007"}],"wp:attachment":[{"href":"https:\/\/omelhordaqui.net\/index.php\/wp-json\/wp\/v2\/media?parent=10"}],"curies":[{"name":"wp","href":"https:\/\/api.w.org\/{rel}","templated":true}]}}